{"id":1929,"date":"2024-03-13T14:46:09","date_gmt":"2024-03-13T14:46:09","guid":{"rendered":"https:\/\/harriexloutlet.nl\/?page_id=1929"},"modified":"2024-03-19T10:12:05","modified_gmt":"2024-03-19T10:12:05","slug":"privacyverklaring","status":"publish","type":"page","link":"https:\/\/harriexloutlet.nl\/fr\/privacyverklaring\/","title":{"rendered":"Clause de non-responsabilit\u00e9 et d\u00e9claration de confidentialit\u00e9"},"content":{"rendered":"<div class=\"wp-block-uagb-advanced-heading uagb-block-d52b41d2\"><h3 class=\"uagb-heading-text\">Clause de non-responsabilit\u00e9<\/h3><\/div>\n\n\n\n<p>Aucun droit ne peut \u00eatre tir\u00e9 des informations fournies sur le site web. Harrie XL B.V. d\u00e9cline toute responsabilit\u00e9 pour les dommages directs ou indirects r\u00e9sultant de l'utilisation du site web ou des informations mises \u00e0 disposition via le site web. En tant qu'utilisateur de nos informations, vous \u00eates seul responsable de votre choix et de votre utilisation de nos informations.<\/p>\n\n\n\n<div class=\"wp-block-uagb-advanced-heading uagb-block-a1fcd0d9\"><h3 class=\"uagb-heading-text\">Politique de confidentialit\u00e9 Harrie XL B.V.<\/h3><\/div>\n\n\n\n<p>Version 1.0 Cette page a \u00e9t\u00e9 modifi\u00e9e pour la derni\u00e8re fois le 10-3-2024.<\/p>\n\n\n\n<p>Nous sommes conscients de la confiance que vous nous accordez. Nous consid\u00e9rons donc qu'il est de notre responsabilit\u00e9 de prot\u00e9ger votre vie priv\u00e9e. Sur cette page, nous vous indiquons quelles donn\u00e9es nous collectons lorsque vous utilisez notre site web, pourquoi nous collectons ces donn\u00e9es et comment nous les utilisons pour am\u00e9liorer votre exp\u00e9rience d'utilisateur. Vous comprendrez ainsi exactement comment nous travaillons. Cette politique de confidentialit\u00e9 s'applique aux services de Harrie XL B.V.. Vous devez savoir que Harrie XL B.V. n'est pas responsable de la politique de confidentialit\u00e9 d'autres sites et sources. En utilisant ce site web, vous indiquez que vous acceptez la politique de confidentialit\u00e9. Harrie XL B.V. respecte la vie priv\u00e9e de tous les utilisateurs de son site et veille \u00e0 ce que les informations personnelles que vous fournissez soient trait\u00e9es de mani\u00e8re confidentielle.<\/p>\n\n\n\n<div class=\"wp-block-uagb-advanced-heading uagb-block-0966af83\"><h4 class=\"uagb-heading-text\">Notre utilisation des donn\u00e9es collect\u00e9es<\/h4><\/div>\n\n\n\n<div class=\"wp-block-uagb-advanced-heading uagb-block-a658ec4e\"><h5 class=\"uagb-heading-text\">Utilisation de nos services<\/h5><\/div>\n\n\n\n<p>Lorsque vous vous inscrivez \u00e0 l'un de nos services, nous vous demandons de fournir des donn\u00e9es personnelles. Ces donn\u00e9es sont utilis\u00e9es pour ex\u00e9cuter le service. Les donn\u00e9es sont stock\u00e9es sur les serveurs s\u00e9curis\u00e9s de Harrie XL B.V. ou sur ceux d'un tiers. Nous ne combinerons pas ces donn\u00e9es avec d'autres donn\u00e9es personnelles en notre possession.<\/p>\n\n\n\n<div class=\"wp-block-uagb-advanced-heading uagb-block-b0ea8bb3\"><h5 class=\"uagb-heading-text\">Communications<\/h5><\/div>\n\n\n\n<p>Lorsque vous nous envoyez des courriers \u00e9lectroniques ou d'autres messages, nous pouvons conserver ces messages. Parfois, nous vous demanderons vos donn\u00e9es personnelles en rapport avec la situation en question. Cela nous permet de traiter vos questions et de r\u00e9pondre \u00e0 vos demandes. Les donn\u00e9es sont stock\u00e9es sur les serveurs s\u00e9curis\u00e9s de Harrie XL B.V. ou sur ceux d'un tiers. Nous ne combinerons pas ces donn\u00e9es avec d'autres donn\u00e9es personnelles en notre possession.<\/p>\n\n\n\n<div class=\"wp-block-uagb-advanced-heading uagb-block-1cf578ae\"><h5 class=\"uagb-heading-text\">Cookie<\/h5><\/div>\n\n\n\n<p>Nous collectons des donn\u00e9es \u00e0 des fins de recherche afin de mieux comprendre nos clients et d'adapter nos services en cons\u00e9quence. Ce site web utilise des \"cookies\" (fichiers texte plac\u00e9s sur votre ordinateur) pour aider le site web \u00e0 analyser l'utilisation qu'en font les utilisateurs. Les informations g\u00e9n\u00e9r\u00e9es par le cookie concernant votre utilisation du site web peuvent \u00eatre transf\u00e9r\u00e9es vers les serveurs s\u00e9curis\u00e9s de Harrie XL B.V. ou ceux d'un tiers. Nous utilisons ces informations pour suivre la fa\u00e7on dont vous utilisez le site web, pour compiler des rapports sur l'activit\u00e9 du site web et pour offrir d'autres services li\u00e9s \u00e0 l'activit\u00e9 du site web et \u00e0 l'utilisation d'Internet.<\/p>\n\n\n\n<div class=\"wp-block-uagb-advanced-heading uagb-block-60c024de\"><h5 class=\"uagb-heading-text\">D\u00e9sactiver les cookies<\/h5><\/div>\n\n\n\n<p>La plupart des navigateurs sont configur\u00e9s pour accepter les cookies par d\u00e9faut, mais vous pouvez r\u00e9initialiser votre navigateur pour qu'il refuse tous les cookies ou pour qu'il indique quand un cookie est envoy\u00e9. Toutefois, certaines fonctionnalit\u00e9s et certains services, sur notre site ou sur d'autres sites, peuvent ne pas fonctionner correctement si les cookies sont d\u00e9sactiv\u00e9s dans votre navigateur.<\/p>\n\n\n\n<div class=\"wp-block-uagb-advanced-heading uagb-block-e9451397\"><h5 class=\"uagb-heading-text\">Objectifs<\/h5><\/div>\n\n\n\n<p>Nous ne collectons ni n'utilisons d'informations \u00e0 des fins autres que celles d\u00e9crites dans la pr\u00e9sente politique de confidentialit\u00e9, sauf si nous avons obtenu votre consentement pr\u00e9alable.<\/p>\n\n\n\n<div class=\"wp-block-uagb-advanced-heading uagb-block-da623eb4\"><h5 class=\"uagb-heading-text\">Tiers<\/h5><\/div>\n\n\n\n<p>Les informations ne sont pas partag\u00e9es avec des tiers, \u00e0 l'exception des applications web que nous utilisons pour notre boutique en ligne. Ces donn\u00e9es ne seront utilis\u00e9es qu'aux fins de l'application concern\u00e9e et ne seront pas diffus\u00e9es ult\u00e9rieurement. En outre, dans certains cas, les informations peuvent \u00eatre partag\u00e9es en interne. Nos employ\u00e9s sont tenus de respecter la confidentialit\u00e9 de vos donn\u00e9es.<\/p>\n\n\n\n<div class=\"wp-block-uagb-advanced-heading uagb-block-0b552ced\"><h5 class=\"uagb-heading-text\">Changements<\/h5><\/div>\n\n\n\n<p>La pr\u00e9sente d\u00e9claration de confidentialit\u00e9 est adapt\u00e9e \u00e0 l'utilisation et aux fonctionnalit\u00e9s de ce site. Toute adaptation et\/ou modification de ce site peut entra\u00eener des changements dans la pr\u00e9sente d\u00e9claration de confidentialit\u00e9. Il est donc conseill\u00e9 de consulter r\u00e9guli\u00e8rement cette d\u00e9claration de confidentialit\u00e9. Choix des donn\u00e9es personnelles Nous offrons \u00e0 tous les visiteurs la possibilit\u00e9 de consulter, de modifier ou de supprimer toute information personnelle qui nous est actuellement fournie.<\/p>\n\n\n\n<div class=\"wp-block-uagb-advanced-heading uagb-block-a0eb5892\"><h5 class=\"uagb-heading-text\">Personnaliser\/d\u00e9sabonner le service de newsletter<\/h5><\/div>\n\n\n\n<p>Au bas de chaque envoi, vous trouverez la possibilit\u00e9 de modifier vos coordonn\u00e9es ou de vous d\u00e9sabonner.<\/p>\n\n\n\n<div class=\"wp-block-uagb-advanced-heading uagb-block-6bb04f31\"><h5 class=\"uagb-heading-text\">Ajuster\/d\u00e9sabonner la communication du service<\/h5><\/div>\n\n\n\n<p>Si vous souhaitez modifier vos donn\u00e9es ou vous faire radier de nos fichiers, veuillez nous contacter. Voir les coordonn\u00e9es ci-dessous.<\/p>\n\n\n\n<div class=\"wp-block-uagb-advanced-heading uagb-block-191552f7\"><h5 class=\"uagb-heading-text\">Questions et commentaires<\/h5><\/div>\n\n\n\n<p>Nous v\u00e9rifions r\u00e9guli\u00e8rement notre conformit\u00e9 avec cette politique de confidentialit\u00e9. Si vous avez des questions concernant cette politique de confidentialit\u00e9, veuillez nous contacter :<\/p>\n\n\n\n<p>Harrie XL B.V.<br>Sint Wirosingel 194<br>6042 KZ Roermond<\/p>\n\n\n\n<p>Num\u00e9ro de t\u00e9l\u00e9phone : <a href=\"tel:0475-476433\">0475 \u2013 476 433<\/a> disponible pendant les heures d'ouverture<br>Adresse \u00e9lectronique : <a href=\"mailto:info@harriexloutlet.nl\">info@harriexloutlet.nl<\/a><\/p>\n\n\n\n<p>Num\u00e9ro de la chambre de commerce : 17208098<br>Btw-identificatienummer: NL818149371B01<\/p>","protected":false},"excerpt":{"rendered":"<p>Disclaimer Aan de op de website verstrekte informatie kunnen geen rechten worden ontleend. Harrie XL B.V. aanvaardt geen enkele aansprakelijkheid voor directe of indirecte schade die ontstaat uit het gebruik van de website of van de via de website ter beschikking gestelde informatie. Als afnemer van onze informatie bent u zelf verantwoordelijk voor uw keuze [&hellip;]<\/p>\n","protected":false},"author":1,"featured_media":0,"parent":0,"menu_order":0,"comment_status":"closed","ping_status":"closed","template":"","meta":{"_uag_custom_page_level_css":"","site-sidebar-layout":"default","site-content-layout":"","ast-site-content-layout":"default","site-content-style":"default","site-sidebar-style":"default","ast-global-header-display":"","ast-banner-title-visibility":"","ast-main-header-display":"","ast-hfb-above-header-display":"","ast-hfb-below-header-display":"","ast-hfb-mobile-header-display":"","site-post-title":"","ast-breadcrumbs-content":"","ast-featured-img":"","footer-sml-layout":"","ast-disable-related-posts":"","theme-transparent-header-meta":"","adv-header-id-meta":"","stick-header-meta":"","header-above-stick-meta":"","header-main-stick-meta":"","header-below-stick-meta":"","astra-migrate-meta-layouts":"set","ast-page-background-enabled":"default","ast-page-background-meta":{"desktop":{"background-color":"","background-image":"","background-repeat":"repeat","background-position":"center center","background-size":"auto","background-attachment":"scroll","background-type":"","background-media":"","overlay-type":"","overlay-color":"","overlay-opacity":"","overlay-gradient":""},"tablet":{"background-color":"","background-image":"","background-repeat":"repeat","background-position":"center center","background-size":"auto","background-attachment":"scroll","background-type":"","background-media":"","overlay-type":"","overlay-color":"","overlay-opacity":"","overlay-gradient":""},"mobile":{"background-color":"","background-image":"","background-repeat":"repeat","background-position":"center center","background-size":"auto","background-attachment":"scroll","background-type":"","background-media":"","overlay-type":"","overlay-color":"","overlay-opacity":"","overlay-gradient":""}},"ast-content-background-meta":{"desktop":{"background-color":"var(--ast-global-color-5)","background-image":"","background-repeat":"repeat","background-position":"center center","background-size":"auto","background-attachment":"scroll","background-type":"","background-media":"","overlay-type":"","overlay-color":"","overlay-opacity":"","overlay-gradient":""},"tablet":{"background-color":"var(--ast-global-color-5)","background-image":"","background-repeat":"repeat","background-position":"center center","background-size":"auto","background-attachment":"scroll","background-type":"","background-media":"","overlay-type":"","overlay-color":"","overlay-opacity":"","overlay-gradient":""},"mobile":{"background-color":"var(--ast-global-color-5)","background-image":"","background-repeat":"repeat","background-position":"center center","background-size":"auto","background-attachment":"scroll","background-type":"","background-media":"","overlay-type":"","overlay-color":"","overlay-opacity":"","overlay-gradient":""}},"footnotes":""},"class_list":["post-1929","page","type-page","status-publish","hentry"],"yoast_head":"<!-- This site is optimized with the Yoast SEO plugin v27.2 - https:\/\/yoast.com\/product\/yoast-seo-wordpress\/ -->\n<title>Disclaimer &amp; Privacy verklaring - Harrie XL outlet Roermond<\/title>\n<meta name=\"robots\" content=\"index, follow, max-snippet:-1, max-image-preview:large, max-video-preview:-1\" \/>\n<link rel=\"canonical\" href=\"https:\/\/harriexloutlet.nl\/fr\/privacyverklaring\/\" \/>\n<meta property=\"og:locale\" content=\"fr_FR\" \/>\n<meta property=\"og:type\" content=\"article\" \/>\n<meta property=\"og:title\" content=\"Disclaimer &amp; Privacy verklaring - Harrie XL outlet Roermond\" \/>\n<meta property=\"og:description\" content=\"Disclaimer Aan de op de website verstrekte informatie kunnen geen rechten worden ontleend. Harrie XL B.V. aanvaardt geen enkele aansprakelijkheid voor directe of indirecte schade die ontstaat uit het gebruik van de website of van de via de website ter beschikking gestelde informatie. Als afnemer van onze informatie bent u zelf verantwoordelijk voor uw keuze [&hellip;]\" \/>\n<meta property=\"og:url\" content=\"https:\/\/harriexloutlet.nl\/fr\/privacyverklaring\/\" \/>\n<meta property=\"og:site_name\" content=\"Harrie XL outlet Roermond\" \/>\n<meta property=\"article:publisher\" content=\"https:\/\/www.facebook.com\/woonoutletharriexlroermond\/\" \/>\n<meta property=\"article:modified_time\" content=\"2024-03-19T10:12:05+00:00\" \/>\n<meta name=\"twitter:card\" content=\"summary_large_image\" \/>\n<meta name=\"twitter:label1\" content=\"Dur\u00e9e de lecture estim\u00e9e\" \/>\n\t<meta name=\"twitter:data1\" content=\"4 minutes\" \/>\n<script type=\"application\/ld+json\" class=\"yoast-schema-graph\">{\"@context\":\"https:\/\/schema.org\",\"@graph\":[{\"@type\":\"WebPage\",\"@id\":\"https:\/\/harriexloutlet.nl\/privacyverklaring\/\",\"url\":\"https:\/\/harriexloutlet.nl\/privacyverklaring\/\",\"name\":\"Disclaimer & Privacy verklaring - Harrie XL outlet Roermond\",\"isPartOf\":{\"@id\":\"https:\/\/harriexloutlet.nl\/#website\"},\"datePublished\":\"2024-03-13T14:46:09+00:00\",\"dateModified\":\"2024-03-19T10:12:05+00:00\",\"breadcrumb\":{\"@id\":\"https:\/\/harriexloutlet.nl\/privacyverklaring\/#breadcrumb\"},\"inLanguage\":\"fr-FR\",\"potentialAction\":[{\"@type\":\"ReadAction\",\"target\":[\"https:\/\/harriexloutlet.nl\/privacyverklaring\/\"]}]},{\"@type\":\"BreadcrumbList\",\"@id\":\"https:\/\/harriexloutlet.nl\/privacyverklaring\/#breadcrumb\",\"itemListElement\":[{\"@type\":\"ListItem\",\"position\":1,\"name\":\"Home\",\"item\":\"https:\/\/harriexloutlet.nl\/\"},{\"@type\":\"ListItem\",\"position\":2,\"name\":\"Disclaimer &#038; Privacy verklaring\"}]},{\"@type\":\"WebSite\",\"@id\":\"https:\/\/harriexloutlet.nl\/#website\",\"url\":\"https:\/\/harriexloutlet.nl\/\",\"name\":\"Harrie XL outlet Roermond\",\"description\":\"Alles voor een gezellig thuis\",\"publisher\":{\"@id\":\"https:\/\/harriexloutlet.nl\/#organization\"},\"potentialAction\":[{\"@type\":\"SearchAction\",\"target\":{\"@type\":\"EntryPoint\",\"urlTemplate\":\"https:\/\/harriexloutlet.nl\/?s={search_term_string}\"},\"query-input\":{\"@type\":\"PropertyValueSpecification\",\"valueRequired\":true,\"valueName\":\"search_term_string\"}}],\"inLanguage\":\"fr-FR\"},{\"@type\":\"Organization\",\"@id\":\"https:\/\/harriexloutlet.nl\/#organization\",\"name\":\"Harrie XL outlet Roermond\",\"url\":\"https:\/\/harriexloutlet.nl\/\",\"logo\":{\"@type\":\"ImageObject\",\"inLanguage\":\"fr-FR\",\"@id\":\"https:\/\/harriexloutlet.nl\/#\/schema\/logo\/image\/\",\"url\":\"https:\/\/harriexloutlet.nl\/wp-content\/uploads\/2024\/01\/Harrie-XL-Outlet-logo.png\",\"contentUrl\":\"https:\/\/harriexloutlet.nl\/wp-content\/uploads\/2024\/01\/Harrie-XL-Outlet-logo.png\",\"width\":288,\"height\":141,\"caption\":\"Harrie XL outlet Roermond\"},\"image\":{\"@id\":\"https:\/\/harriexloutlet.nl\/#\/schema\/logo\/image\/\"},\"sameAs\":[\"https:\/\/www.facebook.com\/woonoutletharriexlroermond\/\",\"https:\/\/www.instagram.com\/meubeloutlet_harrie_xl\/?hl=nl\"]}]}<\/script>\n<!-- \/ Yoast SEO plugin. -->","yoast_head_json":{"title":"Disclaimer & Privacy verklaring - Harrie XL outlet Roermond","robots":{"index":"index","follow":"follow","max-snippet":"max-snippet:-1","max-image-preview":"max-image-preview:large","max-video-preview":"max-video-preview:-1"},"canonical":"https:\/\/harriexloutlet.nl\/fr\/privacyverklaring\/","og_locale":"fr_FR","og_type":"article","og_title":"Disclaimer & Privacy verklaring - Harrie XL outlet Roermond","og_description":"Disclaimer Aan de op de website verstrekte informatie kunnen geen rechten worden ontleend. Harrie XL B.V. aanvaardt geen enkele aansprakelijkheid voor directe of indirecte schade die ontstaat uit het gebruik van de website of van de via de website ter beschikking gestelde informatie. Als afnemer van onze informatie bent u zelf verantwoordelijk voor uw keuze [&hellip;]","og_url":"https:\/\/harriexloutlet.nl\/fr\/privacyverklaring\/","og_site_name":"Harrie XL outlet Roermond","article_publisher":"https:\/\/www.facebook.com\/woonoutletharriexlroermond\/","article_modified_time":"2024-03-19T10:12:05+00:00","twitter_card":"summary_large_image","twitter_misc":{"Dur\u00e9e de lecture estim\u00e9e":"4 minutes"},"schema":{"@context":"https:\/\/schema.org","@graph":[{"@type":"WebPage","@id":"https:\/\/harriexloutlet.nl\/privacyverklaring\/","url":"https:\/\/harriexloutlet.nl\/privacyverklaring\/","name":"Disclaimer & Privacy verklaring - Harrie XL outlet Roermond","isPartOf":{"@id":"https:\/\/harriexloutlet.nl\/#website"},"datePublished":"2024-03-13T14:46:09+00:00","dateModified":"2024-03-19T10:12:05+00:00","breadcrumb":{"@id":"https:\/\/harriexloutlet.nl\/privacyverklaring\/#breadcrumb"},"inLanguage":"fr-FR","potentialAction":[{"@type":"ReadAction","target":["https:\/\/harriexloutlet.nl\/privacyverklaring\/"]}]},{"@type":"BreadcrumbList","@id":"https:\/\/harriexloutlet.nl\/privacyverklaring\/#breadcrumb","itemListElement":[{"@type":"ListItem","position":1,"name":"Home","item":"https:\/\/harriexloutlet.nl\/"},{"@type":"ListItem","position":2,"name":"Disclaimer &#038; Privacy verklaring"}]},{"@type":"WebSite","@id":"https:\/\/harriexloutlet.nl\/#website","url":"https:\/\/harriexloutlet.nl\/","name":"Harrie XL outlet Roermond","description":"Tout pour une maison confortable","publisher":{"@id":"https:\/\/harriexloutlet.nl\/#organization"},"potentialAction":[{"@type":"SearchAction","target":{"@type":"EntryPoint","urlTemplate":"https:\/\/harriexloutlet.nl\/?s={search_term_string}"},"query-input":{"@type":"PropertyValueSpecification","valueRequired":true,"valueName":"search_term_string"}}],"inLanguage":"fr-FR"},{"@type":"Organization","@id":"https:\/\/harriexloutlet.nl\/#organization","name":"Harrie XL outlet Roermond","url":"https:\/\/harriexloutlet.nl\/","logo":{"@type":"ImageObject","inLanguage":"fr-FR","@id":"https:\/\/harriexloutlet.nl\/#\/schema\/logo\/image\/","url":"https:\/\/harriexloutlet.nl\/wp-content\/uploads\/2024\/01\/Harrie-XL-Outlet-logo.png","contentUrl":"https:\/\/harriexloutlet.nl\/wp-content\/uploads\/2024\/01\/Harrie-XL-Outlet-logo.png","width":288,"height":141,"caption":"Harrie XL outlet Roermond"},"image":{"@id":"https:\/\/harriexloutlet.nl\/#\/schema\/logo\/image\/"},"sameAs":["https:\/\/www.facebook.com\/woonoutletharriexlroermond\/","https:\/\/www.instagram.com\/meubeloutlet_harrie_xl\/?hl=nl"]}]}},"uagb_featured_image_src":{"full":false,"thumbnail":false,"medium":false,"medium_large":false,"large":false,"1536x1536":false,"2048x2048":false,"trp-custom-language-flag":false},"uagb_author_info":{"display_name":"TrienekensOnline","author_link":"https:\/\/harriexloutlet.nl\/fr\/author\/trienekensonline\/"},"uagb_comment_info":0,"uagb_excerpt":"Disclaimer Aan de op de website verstrekte informatie kunnen geen rechten worden ontleend. Harrie XL B.V. aanvaardt geen enkele aansprakelijkheid voor directe of indirecte schade die ontstaat uit het gebruik van de website of van de via de website ter beschikking gestelde informatie. Als afnemer van onze informatie bent u zelf verantwoordelijk voor uw keuze\u2026","_links":{"self":[{"href":"https:\/\/harriexloutlet.nl\/fr\/wp-json\/wp\/v2\/pages\/1929","targetHints":{"allow":["GET"]}}],"collection":[{"href":"https:\/\/harriexloutlet.nl\/fr\/wp-json\/wp\/v2\/pages"}],"about":[{"href":"https:\/\/harriexloutlet.nl\/fr\/wp-json\/wp\/v2\/types\/page"}],"author":[{"embeddable":true,"href":"https:\/\/harriexloutlet.nl\/fr\/wp-json\/wp\/v2\/users\/1"}],"replies":[{"embeddable":true,"href":"https:\/\/harriexloutlet.nl\/fr\/wp-json\/wp\/v2\/comments?post=1929"}],"version-history":[{"count":5,"href":"https:\/\/harriexloutlet.nl\/fr\/wp-json\/wp\/v2\/pages\/1929\/revisions"}],"predecessor-version":[{"id":1942,"href":"https:\/\/harriexloutlet.nl\/fr\/wp-json\/wp\/v2\/pages\/1929\/revisions\/1942"}],"wp:attachment":[{"href":"https:\/\/harriexloutlet.nl\/fr\/wp-json\/wp\/v2\/media?parent=1929"}],"curies":[{"name":"wp","href":"https:\/\/api.w.org\/{rel}","templated":true}]}}