{"id":689,"date":"2020-08-21T06:04:32","date_gmt":"2020-08-21T06:04:32","guid":{"rendered":"https:\/\/harriexloutlet.nl\/about\/"},"modified":"2024-03-07T08:59:28","modified_gmt":"2024-03-07T08:59:28","slug":"over-ons","status":"publish","type":"page","link":"https:\/\/harriexloutlet.nl\/de\/over-ons\/","title":{"rendered":"\u00dcber uns"},"content":{"rendered":"<div class=\"wp-block-uagb-container uagb-block-e3fbacbb alignfull uagb-is-root-container\"><div class=\"uagb-container-inner-blocks-wrap\">\n<div class=\"wp-block-uagb-info-box uagb-block-dad8622f uagb-infobox__content-wrap  uagb-infobox-icon-above-title uagb-infobox-image-valign-top\"><div class=\"uagb-ifb-content\"><div class=\"uagb-ifb-title-wrap\"><span class=\"uagb-ifb-title-prefix\"><strong><strong>Entdecken Sie jede Woche neue M\u00f6bel!<\/strong><\/strong><\/span><h1 class=\"uagb-ifb-title\">\u00dcber uns<\/h1><\/div><p class=\"uagb-ifb-desc\">Dank des Gro\u00dfeinkaufs ist unser Gesch\u00e4ft mit einem innovativen Angebot an M\u00f6beln gef\u00fcllt.<\/p><\/div><\/div>\n<\/div><\/div>\n\n\n\n<div class=\"wp-block-uagb-container uagb-block-7bac3667 alignfull uagb-is-root-container\"><div class=\"uagb-container-inner-blocks-wrap\">\n<div class=\"wp-block-uagb-container uagb-block-12d7acaa\">\n<div class=\"wp-block-uagb-advanced-heading uagb-block-8c1ca290\"><h3 class=\"uagb-heading-text\">5 Tage pro Woche ge\u00f6ffnet (Mittwoch bis Sonntag)<\/h3><\/div>\n<\/div>\n\n\n\n<div class=\"wp-block-uagb-container uagb-block-3ead4cd4\">\n<div class=\"wp-block-uagb-advanced-heading uagb-block-ba0b48b7\"><p class=\"uagb-desc-text\">Mit unseren umfangreichen \u00d6ffnungszeiten von Mittwoch bis Sonntag finden Sie immer eine passende Zeit f\u00fcr einen Besuch bei uns. Unser engagiertes Team hilft Ihnen gerne bei der Suche nach den perfekten M\u00f6beln und bietet Ihnen eine individuelle Beratung. Entdecken Sie unser umfangreiches Sortiment von \u00fcber 400 Produkten und schlie\u00dfen Sie sich den mehr als 100 zufriedenen Kunden an!<\/p><\/div>\n\n\n\n<div class=\"wp-block-uagb-container uagb-block-ed0b702e\">\n<div class=\"wp-block-uagb-container uagb-block-2982b0da\">\n<div class=\"wp-block-uagb-advanced-heading uagb-block-b3335ffc\"><h2 class=\"uagb-heading-text\">800+<\/h2><p class=\"uagb-desc-text\">Produkte<\/p><\/div>\n<\/div>\n\n\n\n<div class=\"wp-block-uagb-container uagb-block-636c600c\">\n<div class=\"wp-block-uagb-advanced-heading uagb-block-a46d2374\"><h2 class=\"uagb-heading-text\">12000+<\/h2><p class=\"uagb-desc-text\">Zufriedene Kunden<\/p><\/div>\n<\/div>\n<\/div>\n<\/div>\n<\/div><\/div>\n\n\n\n<div class=\"wp-block-uagb-container uagb-block-687c1d77 alignfull uagb-is-root-container\"><div class=\"uagb-container-inner-blocks-wrap\">\n<div class=\"wp-block-uagb-info-box uagb-block-9f61b009 uagb-infobox__content-wrap  uagb-infobox-icon-above-title uagb-infobox-image-valign-top\"><div class=\"uagb-ifb-content\"><div class=\"uagb-ifb-title-wrap\"><span class=\"uagb-ifb-title-prefix\">Tische aus europ\u00e4ischer Eiche<\/span><h5 class=\"uagb-ifb-title\"><strong>Entdecken Sie die nat\u00fcrliche Sch\u00f6nheit von echtem Holz!<\/strong><\/h5><\/div><p class=\"uagb-ifb-desc\">Wir sind nicht nur ein bekannter Name in Limburg und Deutschland, sondern auch der stolze Lieferant des gr\u00f6\u00dften Sortiments an massiven Eichenstammtischen mit Stahlbeinen in den Niederlanden! Bei uns k\u00f6nnen Sie die perfekte Platte pers\u00f6nlich im Gesch\u00e4ft aussuchen und auf Wunsch auch gleich mit nach Hause nehmen. Genie\u00dfen Sie Ihren neuen Esstisch noch am selben Abend! <strong>Entdecken Sie die M\u00f6glichkeit, Ihren Tisch aus europ\u00e4ischer Eiche mit einer Farbe nach Ihrem Geschmack zu behandeln, dank unserer verf\u00fcgbaren Beizen.<\/strong><\/p><\/div><\/div>\n\n\n\n<div class=\"wp-block-uagb-container uagb-block-1b41d904\">\n<div class=\"wp-block-uagb-image uagb-block-84de973e wp-block-uagb-image--layout-default wp-block-uagb-image--effect-static wp-block-uagb-image--align-none\"><figure class=\"wp-block-uagb-image__figure\"><img decoding=\"async\" srcset=\"https:\/\/harriexloutlet.nl\/wp-content\/uploads\/2024\/02\/eetkamertafel-eikenhout-boomstamblad-onderstel-impressie.jpg ,https:\/\/harriexloutlet.nl\/wp-content\/uploads\/2024\/02\/eetkamertafel-eikenhout-boomstamblad-onderstel-impressie.jpg 780w, https:\/\/harriexloutlet.nl\/wp-content\/uploads\/2024\/02\/eetkamertafel-eikenhout-boomstamblad-onderstel-impressie.jpg 360w\" sizes=\"auto, (max-width: 480px) 150px\" src=\"https:\/\/harriexloutlet.nl\/wp-content\/uploads\/2024\/02\/eetkamertafel-eikenhout-boomstamblad-onderstel-impressie.jpg\" alt=\"\" class=\"uag-image-1802\" width=\"400\" height=\"400\" title=\"\" loading=\"lazy\"\/><\/figure><\/div>\n\n\n\n<div class=\"wp-block-uagb-image uagb-block-a3dd340b wp-block-uagb-image--layout-default wp-block-uagb-image--effect-static wp-block-uagb-image--align-none\"><figure class=\"wp-block-uagb-image__figure\"><img decoding=\"async\" srcset=\"https:\/\/harriexloutlet.nl\/wp-content\/uploads\/2024\/02\/eetkamertafel-eikenhout-boomstamblad-onderstel-voorraad.jpg ,https:\/\/harriexloutlet.nl\/wp-content\/uploads\/2024\/02\/eetkamertafel-eikenhout-boomstamblad-onderstel-voorraad.jpg 780w, https:\/\/harriexloutlet.nl\/wp-content\/uploads\/2024\/02\/eetkamertafel-eikenhout-boomstamblad-onderstel-voorraad.jpg 360w\" sizes=\"auto, (max-width: 480px) 150px\" src=\"https:\/\/harriexloutlet.nl\/wp-content\/uploads\/2024\/02\/eetkamertafel-eikenhout-boomstamblad-onderstel-voorraad.jpg\" alt=\"\" class=\"uag-image-1797\" width=\"400\" height=\"400\" title=\"\" loading=\"lazy\"\/><\/figure><\/div>\n\n\n\n<div class=\"wp-block-uagb-image uagb-block-ab045ed3 wp-block-uagb-image--layout-default wp-block-uagb-image--effect-static wp-block-uagb-image--align-none\"><figure class=\"wp-block-uagb-image__figure\"><img decoding=\"async\" srcset=\"https:\/\/harriexloutlet.nl\/wp-content\/uploads\/2024\/02\/eetkamertafel-eiken-hout-massief-eiken-ovaal-tafel-impressie.jpg ,https:\/\/harriexloutlet.nl\/wp-content\/uploads\/2024\/02\/eetkamertafel-eiken-hout-massief-eiken-ovaal-tafel-impressie.jpg 780w, https:\/\/harriexloutlet.nl\/wp-content\/uploads\/2024\/02\/eetkamertafel-eiken-hout-massief-eiken-ovaal-tafel-impressie.jpg 360w\" sizes=\"auto, (max-width: 480px) 150px\" src=\"https:\/\/harriexloutlet.nl\/wp-content\/uploads\/2024\/02\/eetkamertafel-eiken-hout-massief-eiken-ovaal-tafel-impressie.jpg\" alt=\"\" class=\"uag-image-1801\" width=\"400\" height=\"400\" title=\"\" loading=\"lazy\"\/><\/figure><\/div>\n<\/div>\n\n\n\n<div class=\"wp-block-uagb-container uagb-block-51312cc4\">\n<div class=\"wp-block-uagb-container uagb-block-ad3321a3\">\n<div class=\"wp-block-uagb-advanced-heading uagb-block-d043355f\"><h3 class=\"uagb-heading-text\">Warum Harrie XL Outlet?<\/h3><\/div>\n<\/div>\n\n\n\n<div class=\"wp-block-uagb-container uagb-block-dc4b9e5c\">\n<div class=\"wp-block-uagb-advanced-heading uagb-block-2e508ed0\"><p class=\"uagb-desc-text\">Bei uns finden Sie immer die besten Preise, denn wir bem\u00fchen uns immer, g\u00fcnstig zu sein! Au\u00dferdem bieten wir die Lieferung in den gesamten Niederlanden, Deutschland und Belgien an, so dass Ihre Wunschm\u00f6bel \u00fcberall hin geliefert werden k\u00f6nnen.<\/p><\/div>\n\n\n\n<div class=\"wp-block-uagb-advanced-heading uagb-block-c406577c\"><p class=\"uagb-desc-text\">Und das Beste von allem? Alles, was Sie sehen, ist direkt ab Lager lieferbar, so dass Sie nie lange auf Ihre neue Einrichtung warten m\u00fcssen!\"<\/p><\/div>\n<\/div>\n<\/div>\n<\/div><\/div>","protected":false},"excerpt":{"rendered":"<p>5 dagen per week geopend (woensdag t\/m zondag) Met onze ruime openingstijden van woensdag tot en met zondag is er altijd een geschikt moment om ons te bezoeken. Ons toegewijde team staat klaar om je te helpen bij het vinden van de perfecte meubels en biedt advies op maat. Ontdek ons uitgebreide assortiment van meer [&hellip;]<\/p>\n","protected":false},"author":1,"featured_media":0,"parent":0,"menu_order":0,"comment_status":"closed","ping_status":"closed","template":"","meta":{"_uag_custom_page_level_css":"","site-sidebar-layout":"no-sidebar","site-content-layout":"plain-container","ast-site-content-layout":"normal-width-container","site-content-style":"unboxed","site-sidebar-style":"unboxed","ast-global-header-display":"","ast-banner-title-visibility":"","ast-main-header-display":"","ast-hfb-above-header-display":"","ast-hfb-below-header-display":"","ast-hfb-mobile-header-display":"","site-post-title":"disabled","ast-breadcrumbs-content":"","ast-featured-img":"disabled","footer-sml-layout":"","ast-disable-related-posts":"","theme-transparent-header-meta":"enabled","adv-header-id-meta":"","stick-header-meta":"","header-above-stick-meta":"","header-main-stick-meta":"","header-below-stick-meta":"","astra-migrate-meta-layouts":"set","ast-page-background-enabled":"default","ast-page-background-meta":{"desktop":{"background-color":"","background-image":"","background-repeat":"repeat","background-position":"center center","background-size":"auto","background-attachment":"scroll","background-type":"","background-media":"","overlay-type":"","overlay-color":"","overlay-opacity":"","overlay-gradient":""},"tablet":{"background-color":"","background-image":"","background-repeat":"repeat","background-position":"center center","background-size":"auto","background-attachment":"scroll","background-type":"","background-media":"","overlay-type":"","overlay-color":"","overlay-opacity":"","overlay-gradient":""},"mobile":{"background-color":"","background-image":"","background-repeat":"repeat","background-position":"center center","background-size":"auto","background-attachment":"scroll","background-type":"","background-media":"","overlay-type":"","overlay-color":"","overlay-opacity":"","overlay-gradient":""}},"ast-content-background-meta":{"desktop":{"background-color":"var(--ast-global-color-5)","background-image":"","background-repeat":"repeat","background-position":"center center","background-size":"auto","background-attachment":"scroll","background-type":"","background-media":"","overlay-type":"","overlay-color":"","overlay-opacity":"","overlay-gradient":""},"tablet":{"background-color":"var(--ast-global-color-5)","background-image":"","background-repeat":"repeat","background-position":"center center","background-size":"auto","background-attachment":"scroll","background-type":"","background-media":"","overlay-type":"","overlay-color":"","overlay-opacity":"","overlay-gradient":""},"mobile":{"background-color":"var(--ast-global-color-5)","background-image":"","background-repeat":"repeat","background-position":"center center","background-size":"auto","background-attachment":"scroll","background-type":"","background-media":"","overlay-type":"","overlay-color":"","overlay-opacity":"","overlay-gradient":""}},"footnotes":""},"class_list":["post-689","page","type-page","status-publish","hentry"],"yoast_head":"<!-- This site is optimized with the Yoast SEO plugin v27.2 - https:\/\/yoast.com\/product\/yoast-seo-wordpress\/ -->\n<title>Over ons - Harrie XL outlet Roermond<\/title>\n<meta name=\"robots\" content=\"index, follow, max-snippet:-1, max-image-preview:large, max-video-preview:-1\" \/>\n<link rel=\"canonical\" href=\"https:\/\/harriexloutlet.nl\/de\/over-ons\/\" \/>\n<meta property=\"og:locale\" content=\"de_DE\" \/>\n<meta property=\"og:type\" content=\"article\" \/>\n<meta property=\"og:title\" content=\"Over ons - Harrie XL outlet Roermond\" \/>\n<meta property=\"og:description\" content=\"5 dagen per week geopend (woensdag t\/m zondag) Met onze ruime openingstijden van woensdag tot en met zondag is er altijd een geschikt moment om ons te bezoeken. Ons toegewijde team staat klaar om je te helpen bij het vinden van de perfecte meubels en biedt advies op maat. Ontdek ons uitgebreide assortiment van meer [&hellip;]\" \/>\n<meta property=\"og:url\" content=\"https:\/\/harriexloutlet.nl\/de\/over-ons\/\" \/>\n<meta property=\"og:site_name\" content=\"Harrie XL outlet Roermond\" \/>\n<meta property=\"article:publisher\" content=\"https:\/\/www.facebook.com\/woonoutletharriexlroermond\/\" \/>\n<meta property=\"article:modified_time\" content=\"2024-03-07T08:59:28+00:00\" \/>\n<meta property=\"og:image\" content=\"https:\/\/harriexloutlet.nl\/wp-content\/uploads\/2024\/02\/eetkamertafel-eikenhout-boomstamblad-onderstel-impressie.jpg\" \/>\n<meta name=\"twitter:card\" content=\"summary_large_image\" \/>\n<meta name=\"twitter:label1\" content=\"Gesch\u00e4tzte Lesezeit\" \/>\n\t<meta name=\"twitter:data1\" content=\"3\u00a0Minuten\" \/>\n<script type=\"application\/ld+json\" class=\"yoast-schema-graph\">{\"@context\":\"https:\/\/schema.org\",\"@graph\":[{\"@type\":\"WebPage\",\"@id\":\"https:\/\/harriexloutlet.nl\/over-ons\/\",\"url\":\"https:\/\/harriexloutlet.nl\/over-ons\/\",\"name\":\"Over ons - Harrie XL outlet Roermond\",\"isPartOf\":{\"@id\":\"https:\/\/harriexloutlet.nl\/#website\"},\"primaryImageOfPage\":{\"@id\":\"https:\/\/harriexloutlet.nl\/over-ons\/#primaryimage\"},\"image\":{\"@id\":\"https:\/\/harriexloutlet.nl\/over-ons\/#primaryimage\"},\"thumbnailUrl\":\"https:\/\/harriexloutlet.nl\/wp-content\/uploads\/2024\/02\/eetkamertafel-eikenhout-boomstamblad-onderstel-impressie.jpg\",\"datePublished\":\"2020-08-21T06:04:32+00:00\",\"dateModified\":\"2024-03-07T08:59:28+00:00\",\"breadcrumb\":{\"@id\":\"https:\/\/harriexloutlet.nl\/over-ons\/#breadcrumb\"},\"inLanguage\":\"de\",\"potentialAction\":[{\"@type\":\"ReadAction\",\"target\":[\"https:\/\/harriexloutlet.nl\/over-ons\/\"]}]},{\"@type\":\"ImageObject\",\"inLanguage\":\"de\",\"@id\":\"https:\/\/harriexloutlet.nl\/over-ons\/#primaryimage\",\"url\":\"https:\/\/harriexloutlet.nl\/wp-content\/uploads\/2024\/02\/eetkamertafel-eikenhout-boomstamblad-onderstel-impressie.jpg\",\"contentUrl\":\"https:\/\/harriexloutlet.nl\/wp-content\/uploads\/2024\/02\/eetkamertafel-eikenhout-boomstamblad-onderstel-impressie.jpg\"},{\"@type\":\"BreadcrumbList\",\"@id\":\"https:\/\/harriexloutlet.nl\/over-ons\/#breadcrumb\",\"itemListElement\":[{\"@type\":\"ListItem\",\"position\":1,\"name\":\"Home\",\"item\":\"https:\/\/harriexloutlet.nl\/\"},{\"@type\":\"ListItem\",\"position\":2,\"name\":\"Over ons\"}]},{\"@type\":\"WebSite\",\"@id\":\"https:\/\/harriexloutlet.nl\/#website\",\"url\":\"https:\/\/harriexloutlet.nl\/\",\"name\":\"Harrie XL outlet Roermond\",\"description\":\"Alles voor een gezellig thuis\",\"publisher\":{\"@id\":\"https:\/\/harriexloutlet.nl\/#organization\"},\"potentialAction\":[{\"@type\":\"SearchAction\",\"target\":{\"@type\":\"EntryPoint\",\"urlTemplate\":\"https:\/\/harriexloutlet.nl\/?s={search_term_string}\"},\"query-input\":{\"@type\":\"PropertyValueSpecification\",\"valueRequired\":true,\"valueName\":\"search_term_string\"}}],\"inLanguage\":\"de\"},{\"@type\":\"Organization\",\"@id\":\"https:\/\/harriexloutlet.nl\/#organization\",\"name\":\"Harrie XL outlet Roermond\",\"url\":\"https:\/\/harriexloutlet.nl\/\",\"logo\":{\"@type\":\"ImageObject\",\"inLanguage\":\"de\",\"@id\":\"https:\/\/harriexloutlet.nl\/#\/schema\/logo\/image\/\",\"url\":\"https:\/\/harriexloutlet.nl\/wp-content\/uploads\/2024\/01\/Harrie-XL-Outlet-logo.png\",\"contentUrl\":\"https:\/\/harriexloutlet.nl\/wp-content\/uploads\/2024\/01\/Harrie-XL-Outlet-logo.png\",\"width\":288,\"height\":141,\"caption\":\"Harrie XL outlet Roermond\"},\"image\":{\"@id\":\"https:\/\/harriexloutlet.nl\/#\/schema\/logo\/image\/\"},\"sameAs\":[\"https:\/\/www.facebook.com\/woonoutletharriexlroermond\/\",\"https:\/\/www.instagram.com\/meubeloutlet_harrie_xl\/?hl=nl\"]}]}<\/script>\n<!-- \/ Yoast SEO plugin. -->","yoast_head_json":{"title":"Over ons - Harrie XL outlet Roermond","robots":{"index":"index","follow":"follow","max-snippet":"max-snippet:-1","max-image-preview":"max-image-preview:large","max-video-preview":"max-video-preview:-1"},"canonical":"https:\/\/harriexloutlet.nl\/de\/over-ons\/","og_locale":"de_DE","og_type":"article","og_title":"Over ons - Harrie XL outlet Roermond","og_description":"5 dagen per week geopend (woensdag t\/m zondag) Met onze ruime openingstijden van woensdag tot en met zondag is er altijd een geschikt moment om ons te bezoeken. Ons toegewijde team staat klaar om je te helpen bij het vinden van de perfecte meubels en biedt advies op maat. Ontdek ons uitgebreide assortiment van meer [&hellip;]","og_url":"https:\/\/harriexloutlet.nl\/de\/over-ons\/","og_site_name":"Harrie XL outlet Roermond","article_publisher":"https:\/\/www.facebook.com\/woonoutletharriexlroermond\/","article_modified_time":"2024-03-07T08:59:28+00:00","og_image":[{"url":"https:\/\/harriexloutlet.nl\/wp-content\/uploads\/2024\/02\/eetkamertafel-eikenhout-boomstamblad-onderstel-impressie.jpg","type":"","width":"","height":""}],"twitter_card":"summary_large_image","twitter_misc":{"Gesch\u00e4tzte Lesezeit":"3\u00a0Minuten"},"schema":{"@context":"https:\/\/schema.org","@graph":[{"@type":"WebPage","@id":"https:\/\/harriexloutlet.nl\/over-ons\/","url":"https:\/\/harriexloutlet.nl\/over-ons\/","name":"Over ons - Harrie XL outlet Roermond","isPartOf":{"@id":"https:\/\/harriexloutlet.nl\/#website"},"primaryImageOfPage":{"@id":"https:\/\/harriexloutlet.nl\/over-ons\/#primaryimage"},"image":{"@id":"https:\/\/harriexloutlet.nl\/over-ons\/#primaryimage"},"thumbnailUrl":"https:\/\/harriexloutlet.nl\/wp-content\/uploads\/2024\/02\/eetkamertafel-eikenhout-boomstamblad-onderstel-impressie.jpg","datePublished":"2020-08-21T06:04:32+00:00","dateModified":"2024-03-07T08:59:28+00:00","breadcrumb":{"@id":"https:\/\/harriexloutlet.nl\/over-ons\/#breadcrumb"},"inLanguage":"de","potentialAction":[{"@type":"ReadAction","target":["https:\/\/harriexloutlet.nl\/over-ons\/"]}]},{"@type":"ImageObject","inLanguage":"de","@id":"https:\/\/harriexloutlet.nl\/over-ons\/#primaryimage","url":"https:\/\/harriexloutlet.nl\/wp-content\/uploads\/2024\/02\/eetkamertafel-eikenhout-boomstamblad-onderstel-impressie.jpg","contentUrl":"https:\/\/harriexloutlet.nl\/wp-content\/uploads\/2024\/02\/eetkamertafel-eikenhout-boomstamblad-onderstel-impressie.jpg"},{"@type":"BreadcrumbList","@id":"https:\/\/harriexloutlet.nl\/over-ons\/#breadcrumb","itemListElement":[{"@type":"ListItem","position":1,"name":"Home","item":"https:\/\/harriexloutlet.nl\/"},{"@type":"ListItem","position":2,"name":"Over ons"}]},{"@type":"WebSite","@id":"https:\/\/harriexloutlet.nl\/#website","url":"https:\/\/harriexloutlet.nl\/","name":"Harrie XL Steckdose Roermond","description":"Alles f\u00fcr ein gem\u00fctliches Zuhause","publisher":{"@id":"https:\/\/harriexloutlet.nl\/#organization"},"potentialAction":[{"@type":"SearchAction","target":{"@type":"EntryPoint","urlTemplate":"https:\/\/harriexloutlet.nl\/?s={search_term_string}"},"query-input":{"@type":"PropertyValueSpecification","valueRequired":true,"valueName":"search_term_string"}}],"inLanguage":"de"},{"@type":"Organization","@id":"https:\/\/harriexloutlet.nl\/#organization","name":"Harrie XL Steckdose Roermond","url":"https:\/\/harriexloutlet.nl\/","logo":{"@type":"ImageObject","inLanguage":"de","@id":"https:\/\/harriexloutlet.nl\/#\/schema\/logo\/image\/","url":"https:\/\/harriexloutlet.nl\/wp-content\/uploads\/2024\/01\/Harrie-XL-Outlet-logo.png","contentUrl":"https:\/\/harriexloutlet.nl\/wp-content\/uploads\/2024\/01\/Harrie-XL-Outlet-logo.png","width":288,"height":141,"caption":"Harrie XL outlet Roermond"},"image":{"@id":"https:\/\/harriexloutlet.nl\/#\/schema\/logo\/image\/"},"sameAs":["https:\/\/www.facebook.com\/woonoutletharriexlroermond\/","https:\/\/www.instagram.com\/meubeloutlet_harrie_xl\/?hl=nl"]}]}},"uagb_featured_image_src":{"full":false,"thumbnail":false,"medium":false,"medium_large":false,"large":false,"1536x1536":false,"2048x2048":false,"trp-custom-language-flag":false},"uagb_author_info":{"display_name":"TrienekensOnline","author_link":"https:\/\/harriexloutlet.nl\/de\/author\/trienekensonline\/"},"uagb_comment_info":0,"uagb_excerpt":"5 dagen per week geopend (woensdag t\/m zondag) Met onze ruime openingstijden van woensdag tot en met zondag is er altijd een geschikt moment om ons te bezoeken. Ons toegewijde team staat klaar om je te helpen bij het vinden van de perfecte meubels en biedt advies op maat. Ontdek ons uitgebreide assortiment van meer&hellip;","_links":{"self":[{"href":"https:\/\/harriexloutlet.nl\/de\/wp-json\/wp\/v2\/pages\/689","targetHints":{"allow":["GET"]}}],"collection":[{"href":"https:\/\/harriexloutlet.nl\/de\/wp-json\/wp\/v2\/pages"}],"about":[{"href":"https:\/\/harriexloutlet.nl\/de\/wp-json\/wp\/v2\/types\/page"}],"author":[{"embeddable":true,"href":"https:\/\/harriexloutlet.nl\/de\/wp-json\/wp\/v2\/users\/1"}],"replies":[{"embeddable":true,"href":"https:\/\/harriexloutlet.nl\/de\/wp-json\/wp\/v2\/comments?post=689"}],"version-history":[{"count":19,"href":"https:\/\/harriexloutlet.nl\/de\/wp-json\/wp\/v2\/pages\/689\/revisions"}],"predecessor-version":[{"id":1868,"href":"https:\/\/harriexloutlet.nl\/de\/wp-json\/wp\/v2\/pages\/689\/revisions\/1868"}],"wp:attachment":[{"href":"https:\/\/harriexloutlet.nl\/de\/wp-json\/wp\/v2\/media?parent=689"}],"curies":[{"name":"wp","href":"https:\/\/api.w.org\/{rel}","templated":true}]}}