{"id":688,"date":"2020-08-21T06:04:32","date_gmt":"2020-08-21T06:04:32","guid":{"rendered":"https:\/\/harriexloutlet.nl\/home\/"},"modified":"2024-03-13T14:56:48","modified_gmt":"2024-03-13T14:56:48","slug":"home","status":"publish","type":"page","link":"https:\/\/harriexloutlet.nl\/de\/","title":{"rendered":"Alles f\u00fcr ein gem\u00fctliches Zuhause"},"content":{"rendered":"<div class=\"wp-block-uagb-container uagb-block-757a285b alignfull uagb-is-root-container\"><div class=\"uagb-container-inner-blocks-wrap\">\n<div class=\"wp-block-uagb-container uagb-block-23710801\">\n<div class=\"wp-block-uagb-icon-list uagb-block-9812c31d\"><div class=\"uagb-icon-list__wrap\">\n<div class=\"wp-block-uagb-icon-list-child uagb-block-f7f619e4\"><a target=\"_self\" aria-label=\"Die h\u00f6chste Qualit\u00e4t zum niedrigsten Preis!\" rel=\"noopener noreferrer\" href=\"#\"> <\/a><span class=\"uagb-icon-list__source-wrap\"><svg xmlns=\"https:\/\/www.w3.org\/2000\/svg\" viewbox=\"0 0 576 512\"><path d=\"M572.1 82.38C569.5 71.59 559.8 64 548.7 64h-100.8c.2422-12.45 .1078-23.7-.1559-33.02C447.3 13.63 433.2 0 415.8 0H160.2C142.8 0 128.7 13.63 128.2 30.98C127.1 40.3 127.8 51.55 128.1 64H27.26C16.16 64 6.537 71.59 3.912 82.38C3.1 85.78-15.71 167.2 37.07 245.9c37.44 55.82 100.6 95.03 187.5 117.4c18.7 4.805 31.41 22.06 31.41 41.37C256 428.5 236.5 448 212.6 448H208c-26.51 0-47.99 21.49-47.99 48c0 8.836 7.163 16 15.1 16h223.1c8.836 0 15.1-7.164 15.1-16c0-26.51-21.48-48-47.99-48h-4.644c-23.86 0-43.36-19.5-43.36-43.35c0-19.31 12.71-36.57 31.41-41.37c86.96-22.34 150.1-61.55 187.5-117.4C591.7 167.2 572.9 85.78 572.1 82.38zM77.41 219.8C49.47 178.6 47.01 135.7 48.38 112h80.39c5.359 59.62 20.35 131.1 57.67 189.1C137.4 281.6 100.9 254.4 77.41 219.8zM498.6 219.8c-23.44 34.6-59.94 61.75-109 81.22C426.9 243.1 441.9 171.6 447.2 112h80.39C528.1 135.7 526.5 178.7 498.6 219.8z\"><\/path><\/svg><\/span><span class=\"uagb-icon-list__label\"><strong>Die h\u00f6chste Qualit\u00e4t zum niedrigsten Preis!<\/strong><\/span><\/div>\n<\/div><\/div>\n\n\n\n<div class=\"wp-block-uagb-info-box uagb-block-4824fcea uagb-infobox__content-wrap  uagb-infobox-icon-above-title uagb-infobox-image-valign-top\"><div class=\"uagb-ifb-content\"><div class=\"uagb-ifb-title-wrap\"><h1 class=\"uagb-ifb-title\">Harrie XL Outlet Roermond<\/h1><\/div><p class=\"uagb-ifb-desc\">M\u00f6bel Outlet aus Limburg, auch in Deutschland bekannt f\u00fcr massive Eichentische. Alles auf Lager, fertig zum Mitnehmen!<\/p><div class=\"uagb-ifb-button-wrapper wp-block-button\"><a href=\"#producten\" class=\"uagb-infobox-cta-link wp-block-button__link\" target=\"_self\" rel=\"noopener noreferrer\" onclick=\"return true;\" alt=\"\"><span class=\"uagb-inline-editing\">Unsere Produkte<\/span><svg xmlns=\"https:\/\/www.w3.org\/2000\/svg\" viewbox=\"0 0 256 512\"><path d=\"M64 448c-8.188 0-16.38-3.125-22.62-9.375c-12.5-12.5-12.5-32.75 0-45.25L178.8 256L41.38 118.6c-12.5-12.5-12.5-32.75 0-45.25s32.75-12.5 45.25 0l160 160c12.5 12.5 12.5 32.75 0 45.25l-160 160C80.38 444.9 72.19 448 64 448z\"><\/path><\/svg><\/a><\/div><\/div><\/div>\n<\/div>\n\n\n\n<div class=\"wp-block-uagb-container uag-blocks-common-selector uagb-block-ec9c6565\">\n<div class=\"wp-block-uagb-image uagb-block-152257ba wp-block-uagb-image--layout-default wp-block-uagb-image--effect-static wp-block-uagb-image--align-none\"><figure class=\"wp-block-uagb-image__figure\"><img decoding=\"async\" srcset=\"https:\/\/harriexloutlet.nl\/wp-content\/uploads\/2024\/02\/Harrie-XL-Outlet-Roermond\u200b-homepage-tafel-met-stoelen.jpg ,https:\/\/harriexloutlet.nl\/wp-content\/uploads\/2024\/02\/Harrie-XL-Outlet-Roermond\u200b-homepage-tafel-met-stoelen.jpg 780w, https:\/\/harriexloutlet.nl\/wp-content\/uploads\/2024\/02\/Harrie-XL-Outlet-Roermond\u200b-homepage-tafel-met-stoelen.jpg 360w\" sizes=\"auto, (max-width: 480px) 150px\" src=\"https:\/\/harriexloutlet.nl\/wp-content\/uploads\/2024\/02\/Harrie-XL-Outlet-Roermond\u200b-homepage-tafel-met-stoelen.jpg\" alt=\"\" class=\"uag-image-1785\" width=\"640\" height=\"565\" title=\"\" loading=\"lazy\"\/><\/figure><\/div>\n\n\n\n<div class=\"wp-block-uagb-icon-list uagb-block-bf30a7ab\"><div class=\"uagb-icon-list__wrap\">\n<div class=\"wp-block-uagb-icon-list-child uagb-block-f1f237e5\"><a target=\"_blank\" aria-label=\"Sint Wirosingel 194, 6042 KZ Roermond\" rel=\"noopener noreferrer\" href=\"https:\/\/www.google.com\/maps?client=safari&amp;sca_esv=f917e2823a31333e&amp;rls=en&amp;lsig=AB86z5Vh2spxO1wQcK31rfROoZYO&amp;biw=1530&amp;bih=1294&amp;dpr=2&amp;um=1&amp;ie=UTF-8&amp;fb=1&amp;gl=nl&amp;sa=X&amp;geocode=KWECdri6TMdHMS9uOs7IJYFa&amp;daddr=Sint+Wirosingel+194,+6042+KZ+Roermond\"> <\/a><span class=\"uagb-icon-list__source-wrap\"><svg xmlns=\"https:\/\/www.w3.org\/2000\/svg\" viewbox=\"0 0 320 512\"><path d=\"M320 144C320 223.5 255.5 288 176 288C96.47 288 32 223.5 32 144C32 64.47 96.47 0 176 0C255.5 0 320 64.47 320 144zM192 64C192 55.16 184.8 48 176 48C122.1 48 80 90.98 80 144C80 152.8 87.16 160 96 160C104.8 160 112 152.8 112 144C112 108.7 140.7 80 176 80C184.8 80 192 72.84 192 64zM144 480V317.1C154.4 319 165.1 319.1 176 319.1C186.9 319.1 197.6 319 208 317.1V480C208 497.7 193.7 512 176 512C158.3 512 144 497.7 144 480z\"><\/path><\/svg><\/span><span class=\"uagb-icon-list__label\">Sint Wirosingel 194, 6042 KZ Roermond<\/span><\/div>\n<\/div><\/div>\n<\/div>\n<\/div><\/div>\n\n\n\n<div class=\"wp-block-uagb-container uag-blocks-common-selector uagb-block-86cdbe66 alignfull uagb-is-root-container\"><div class=\"uagb-container-inner-blocks-wrap\">\n<div class=\"wp-block-uagb-advanced-heading uagb-block-8d97a0cc\"><h2 class=\"uagb-heading-text\">Trendig, modern, im Landhaus- oder Industriestil, wir haben alles unter einem Dach<\/h2><\/div>\n<\/div><\/div>\n\n\n\n<div class=\"wp-block-uagb-container uagb-block-b874bf47 alignfull uagb-is-root-container\"><div class=\"uagb-container-inner-blocks-wrap\">\n<div class=\"wp-block-uagb-container uagb-block-74127086\">\n<div class=\"wp-block-uagb-image uagb-block-b351c09f wp-block-uagb-image--layout-default wp-block-uagb-image--effect-static wp-block-uagb-image--align-none\"><figure class=\"wp-block-uagb-image__figure\"><img decoding=\"async\" srcset=\"https:\/\/harriexloutlet.nl\/wp-content\/uploads\/2024\/02\/harrie-xl-outet-roermond-entree-impressie1.jpg ,https:\/\/harriexloutlet.nl\/wp-content\/uploads\/2024\/02\/harrie-xl-outet-roermond-entree-impressie1.jpg 780w, https:\/\/harriexloutlet.nl\/wp-content\/uploads\/2024\/02\/harrie-xl-outet-roermond-entree-impressie1.jpg 360w\" sizes=\"auto, (max-width: 480px) 150px\" src=\"https:\/\/harriexloutlet.nl\/wp-content\/uploads\/2024\/02\/harrie-xl-outet-roermond-entree-impressie1.jpg\" alt=\"\" class=\"uag-image-1840\" width=\"900\" height=\"1000\" title=\"\" loading=\"lazy\"\/><\/figure><\/div>\n\n\n\n<div class=\"wp-block-uagb-advanced-heading uagb-block-a9a207dc\"><h6 class=\"uagb-heading-text\"><strong>Sie sind herzlich willkommen in unserem M\u00f6belgesch\u00e4ft Roermond<\/strong><\/h6><\/div>\n<\/div>\n\n\n\n<div class=\"wp-block-uagb-container uagb-block-fa08be50\">\n<div class=\"wp-block-uagb-info-box uagb-block-fecbb3ee uagb-infobox__content-wrap  uagb-infobox-icon-above-title uagb-infobox-image-valign-top\"><div class=\"uagb-ifb-content\"><div class=\"uagb-ifb-title-wrap\"><span class=\"uagb-ifb-title-prefix\">Roermond M\u00f6bel Outlet<\/span><h2 class=\"uagb-ifb-title\">Tische, St\u00fchle, Schr\u00e4nke, Lampen und Zubeh\u00f6r<\/h2><\/div><p class=\"uagb-ifb-desc\">Entdecken Sie unsere Bekanntheit in Limburg und Deutschland f\u00fcr eine gro\u00dfe Auswahl an massiven Eichentischen. W\u00e4hlen Sie m\u00fchelos Ihre Lieblingsplatte und die dazu passenden Stahlbeine aus, die Sie sofort aus unserem reichhaltigen Vorrat mitnehmen k\u00f6nnen!<br><br>Stil trifft auf sofortige Verf\u00fcgbarkeit - Ihr perfekter Eichentisch wartet auf Sie, immer auf Lager bei De Meubeloutlet van Limburg!<\/p><div class=\"uagb-ifb-button-wrapper wp-block-button\"><a href=\"\/de\/over-ons\/\" class=\"uagb-infobox-cta-link wp-block-button__link\" target=\"_self\" rel=\"noopener noreferrer\" onclick=\"return true;\" alt=\"\"><span class=\"uagb-inline-editing\">\u00dcber uns<\/span><svg xmlns=\"https:\/\/www.w3.org\/2000\/svg\" viewbox=\"0 0 320 512\"><path d=\"M96 480c-8.188 0-16.38-3.125-22.62-9.375c-12.5-12.5-12.5-32.75 0-45.25L242.8 256L73.38 86.63c-12.5-12.5-12.5-32.75 0-45.25s32.75-12.5 45.25 0l192 192c12.5 12.5 12.5 32.75 0 45.25l-192 192C112.4 476.9 104.2 480 96 480z\"><\/path><\/svg><\/a><\/div><\/div><\/div>\n<\/div>\n<\/div><\/div>\n\n\n\n<div class=\"wp-block-uagb-container uagb-block-129ae133 alignfull uagb-is-root-container\"><div class=\"uagb-container-inner-blocks-wrap\">\n<div class=\"wp-block-uagb-container uagb-block-8d446807\">\n<div class=\"wp-block-uagb-container uagb-block-c5d069af\">\n<div class=\"wp-block-uagb-info-box uagb-block-701721ee uagb-infobox__content-wrap  uagb-infobox-icon-above-title uagb-infobox-image-valign-top\" id=\"producten\"><div class=\"uagb-ifb-content\"><div class=\"uagb-ifb-title-wrap\"><span class=\"uagb-ifb-title-prefix\">Einkaufen zu Hause Roermond<\/span><h2 class=\"uagb-ifb-title\">Produkte<\/h2><\/div><\/div><\/div>\n<\/div>\n\n\n\n<div class=\"wp-block-uagb-container uagb-block-047967bc\">\n<div class=\"wp-block-uagb-buttons uagb-buttons__outer-wrap uagb-btn__default-btn uagb-btn-tablet__default-btn uagb-btn-mobile__default-btn uagb-block-b2f38049\"><div class=\"uagb-buttons__wrap uagb-buttons-layout-wrap\">\n<div class=\"wp-block-uagb-buttons-child uagb-buttons__outer-wrap uagb-block-3ad4fa10 wp-block-button is-style-outline\"><div class=\"uagb-button__wrapper\"><a class=\"uagb-buttons-repeater wp-block-button__link\" aria-label=\"\" href=\"\/de\/producten\/\" rel=\"follow noopener\" target=\"_self\"><div class=\"uagb-button__link\">Alle Produkte anzeigen<\/div><span class=\"uagb-button__icon uagb-button__icon-position-after\"><svg xmlns=\"https:\/\/www.w3.org\/2000\/svg\" viewbox=\"0 0 320 512\"><path d=\"M96 480c-8.188 0-16.38-3.125-22.62-9.375c-12.5-12.5-12.5-32.75 0-45.25L242.8 256L73.38 86.63c-12.5-12.5-12.5-32.75 0-45.25s32.75-12.5 45.25 0l192 192c12.5 12.5 12.5 32.75 0 45.25l-192 192C112.4 476.9 104.2 480 96 480z\"><\/path><\/svg><\/span><\/a><\/div><\/div>\n<\/div><\/div>\n<\/div>\n<\/div>\n\n\n\n<div class=\"wp-block-uagb-container uagb-block-d72a667b\">\n<div class=\"wp-block-uagb-info-box uagb-block-8952eeba uagb-infobox__content-wrap  uagb-infobox-icon-above-title uagb-infobox-image-valign-top\"><div class=\"uagb-ifb-content\"><div class=\"uagb-ifb-title-wrap\"><span class=\"uagb-ifb-title-prefix\">01.<\/span><h4 class=\"uagb-ifb-title\">Tische<\/h4><\/div><p class=\"uagb-ifb-desc\">Esstische, Couchtische, lose Tischplatten, lose Tischbeine, Stehtische und Schreibtische.<\/p><\/div><\/div>\n\n\n\n<div class=\"wp-block-uagb-info-box uagb-block-87da22bc uagb-infobox__content-wrap  uagb-infobox-icon-above-title uagb-infobox-image-valign-top\"><div class=\"uagb-ifb-content\"><div class=\"uagb-ifb-title-wrap\"><span class=\"uagb-ifb-title-prefix\">02.<\/span><h4 class=\"uagb-ifb-title\">St\u00fchle<\/h4><\/div><p class=\"uagb-ifb-desc\">Esszimmerst\u00fchle, Sessel und Barhocker.<\/p><\/div><\/div>\n\n\n\n<div class=\"wp-block-uagb-info-box uagb-block-d970ed13 uagb-infobox__content-wrap  uagb-infobox-icon-above-title uagb-infobox-image-valign-top\"><div class=\"uagb-ifb-content\"><div class=\"uagb-ifb-title-wrap\"><span class=\"uagb-ifb-title-prefix\">03.<\/span><h4 class=\"uagb-ifb-title\">Schr\u00e4nke<\/h4><\/div><p class=\"uagb-ifb-desc\">Beistelltische, B\u00fccherregale, Sideboards, TV-Elemente, Anrichten und Schr\u00e4nke.<\/p><\/div><\/div>\n<\/div>\n<\/div><\/div>\n\n\n\n<div class=\"wp-block-uagb-container uagb-block-12093db5 alignfull uagb-is-root-container\"><div class=\"uagb-container-inner-blocks-wrap\">\n<div class=\"wp-block-uagb-container uagb-block-7285015e\">\n<div class=\"wp-block-uagb-info-box uagb-block-4269afcb uagb-infobox__content-wrap  uagb-infobox-icon-above-title uagb-infobox-image-valign-top\"><div class=\"uagb-ifb-content\"><div class=\"uagb-ifb-title-wrap\"><span class=\"uagb-ifb-title-prefix\">Unsere M\u00f6bel bei Ihnen zu Hause<\/span><h2 class=\"uagb-ifb-title\">Bewertungen<\/h2><\/div><p class=\"uagb-ifb-desc\">Finden Sie heraus, warum sich unsere Kunden f\u00fcr das Harrie XL Outlet Roermond entscheiden und lassen Sie sich von ihren begeisterten Erfahrungen inspirieren!<\/p><\/div><\/div>\n\n\n\n<div class=\"wp-block-uagb-buttons uagb-buttons__outer-wrap uagb-btn__default-btn uagb-btn-tablet__default-btn uagb-btn-mobile__default-btn uagb-block-f21f630c\"><div class=\"uagb-buttons__wrap uagb-buttons-layout-wrap\">\n<div class=\"wp-block-uagb-buttons-child uagb-buttons__outer-wrap uagb-block-f3f94942 wp-block-button is-style-outline\"><div class=\"uagb-button__wrapper\"><a class=\"uagb-buttons-repeater wp-block-button__link\" aria-label=\"\" href=\"\/de\/testimonials\/\" rel=\"follow noopener\" target=\"_self\"><div class=\"uagb-button__link\">Bewertungen<\/div><span class=\"uagb-button__icon uagb-button__icon-position-after\"><svg xmlns=\"https:\/\/www.w3.org\/2000\/svg\" viewbox=\"0 0 320 512\"><path d=\"M96 480c-8.188 0-16.38-3.125-22.62-9.375c-12.5-12.5-12.5-32.75 0-45.25L242.8 256L73.38 86.63c-12.5-12.5-12.5-32.75 0-45.25s32.75-12.5 45.25 0l192 192c12.5 12.5 12.5 32.75 0 45.25l-192 192C112.4 476.9 104.2 480 96 480z\"><\/path><\/svg><\/span><\/a><\/div><\/div>\n<\/div><\/div>\n<\/div>\n\n\n\n<div class=\"wp-block-uagb-container uagb-block-22a91194\">\n<div class=\"wp-block-uagb-image uagb-block-4443778e wp-block-uagb-image--layout-default wp-block-uagb-image--effect-static wp-block-uagb-image--align-none\"><figure class=\"wp-block-uagb-image__figure\"><img decoding=\"async\" srcset=\"https:\/\/harriexloutlet.nl\/wp-content\/uploads\/2024\/02\/Harrie-XL-Outlet-Roermond_-alles-voor-een-gezellig-thuis.jpg ,https:\/\/harriexloutlet.nl\/wp-content\/uploads\/2024\/02\/Harrie-XL-Outlet-Roermond_-alles-voor-een-gezellig-thuis.jpg 780w, https:\/\/harriexloutlet.nl\/wp-content\/uploads\/2024\/02\/Harrie-XL-Outlet-Roermond_-alles-voor-een-gezellig-thuis.jpg 360w\" sizes=\"auto, (max-width: 480px) 150px\" src=\"https:\/\/harriexloutlet.nl\/wp-content\/uploads\/2024\/02\/Harrie-XL-Outlet-Roermond_-alles-voor-een-gezellig-thuis.jpg\" alt=\"\" class=\"uag-image-1787\" width=\"800\" height=\"450\" title=\"\" loading=\"lazy\"\/><\/figure><\/div>\n<\/div>\n<\/div><\/div>","protected":false},"excerpt":{"rendered":"<p>Trendy, modern, Landhaus- oder Industriestil, wir haben alles unter einem Dach Sie sind herzlich willkommen in unserem M\u00f6belgesch\u00e4ft Roermond<\/p>","protected":false},"author":1,"featured_media":0,"parent":0,"menu_order":0,"comment_status":"closed","ping_status":"closed","template":"","meta":{"_uag_custom_page_level_css":"","site-sidebar-layout":"no-sidebar","site-content-layout":"plain-container","ast-site-content-layout":"normal-width-container","site-content-style":"unboxed","site-sidebar-style":"unboxed","ast-global-header-display":"","ast-banner-title-visibility":"","ast-main-header-display":"","ast-hfb-above-header-display":"","ast-hfb-below-header-display":"","ast-hfb-mobile-header-display":"","site-post-title":"disabled","ast-breadcrumbs-content":"","ast-featured-img":"disabled","footer-sml-layout":"","ast-disable-related-posts":"","theme-transparent-header-meta":"disabled","adv-header-id-meta":"","stick-header-meta":"","header-above-stick-meta":"","header-main-stick-meta":"","header-below-stick-meta":"","astra-migrate-meta-layouts":"set","ast-page-background-enabled":"default","ast-page-background-meta":{"desktop":{"background-color":"","background-image":"","background-repeat":"repeat","background-position":"center center","background-size":"auto","background-attachment":"scroll","background-type":"","background-media":"","overlay-type":"","overlay-color":"","overlay-opacity":"","overlay-gradient":""},"tablet":{"background-color":"","background-image":"","background-repeat":"repeat","background-position":"center center","background-size":"auto","background-attachment":"scroll","background-type":"","background-media":"","overlay-type":"","overlay-color":"","overlay-opacity":"","overlay-gradient":""},"mobile":{"background-color":"","background-image":"","background-repeat":"repeat","background-position":"center center","background-size":"auto","background-attachment":"scroll","background-type":"","background-media":"","overlay-type":"","overlay-color":"","overlay-opacity":"","overlay-gradient":""}},"ast-content-background-meta":{"desktop":{"background-color":"var(--ast-global-color-5)","background-image":"","background-repeat":"repeat","background-position":"center center","background-size":"auto","background-attachment":"scroll","background-type":"","background-media":"","overlay-type":"","overlay-color":"","overlay-opacity":"","overlay-gradient":""},"tablet":{"background-color":"var(--ast-global-color-5)","background-image":"","background-repeat":"repeat","background-position":"center center","background-size":"auto","background-attachment":"scroll","background-type":"","background-media":"","overlay-type":"","overlay-color":"","overlay-opacity":"","overlay-gradient":""},"mobile":{"background-color":"var(--ast-global-color-5)","background-image":"","background-repeat":"repeat","background-position":"center center","background-size":"auto","background-attachment":"scroll","background-type":"","background-media":"","overlay-type":"","overlay-color":"","overlay-opacity":"","overlay-gradient":""}},"footnotes":""},"class_list":["post-688","page","type-page","status-publish","hentry"],"yoast_head":"<!-- This site is optimized with the Yoast SEO plugin v27.2 - https:\/\/yoast.com\/product\/yoast-seo-wordpress\/ -->\n<title>Alles voor een gezellig thuis - Harrie XL outlet Roermond<\/title>\n<meta name=\"robots\" content=\"index, follow, max-snippet:-1, max-image-preview:large, max-video-preview:-1\" \/>\n<link rel=\"canonical\" href=\"https:\/\/harriexloutlet.nl\/de\/\" \/>\n<meta property=\"og:locale\" content=\"de_DE\" \/>\n<meta property=\"og:type\" content=\"article\" \/>\n<meta property=\"og:title\" content=\"Alles voor een gezellig thuis - Harrie XL outlet Roermond\" \/>\n<meta property=\"og:description\" content=\"Trendy, modern, landelijk of de industri\u00eble stijl, wij hebben alles onder \u00e9\u00e9n dak Je bent van harte welkom in onze meubelwinkel Roermond\" \/>\n<meta property=\"og:url\" content=\"https:\/\/harriexloutlet.nl\/de\/\" \/>\n<meta property=\"og:site_name\" content=\"Harrie XL outlet Roermond\" \/>\n<meta property=\"article:publisher\" content=\"https:\/\/www.facebook.com\/woonoutletharriexlroermond\/\" \/>\n<meta property=\"article:modified_time\" content=\"2024-03-13T14:56:48+00:00\" \/>\n<meta property=\"og:image\" content=\"https:\/\/harriexloutlet.nl\/wp-content\/uploads\/2024\/02\/harrie-xl-outet-roermond-entree-impressie1.jpg\" \/>\n<meta name=\"twitter:card\" content=\"summary_large_image\" \/>\n<script type=\"application\/ld+json\" class=\"yoast-schema-graph\">{\"@context\":\"https:\/\/schema.org\",\"@graph\":[{\"@type\":\"WebPage\",\"@id\":\"https:\/\/harriexloutlet.nl\/\",\"url\":\"https:\/\/harriexloutlet.nl\/\",\"name\":\"Alles voor een gezellig thuis - Harrie XL outlet Roermond\",\"isPartOf\":{\"@id\":\"https:\/\/harriexloutlet.nl\/#website\"},\"primaryImageOfPage\":{\"@id\":\"https:\/\/harriexloutlet.nl\/#primaryimage\"},\"image\":{\"@id\":\"https:\/\/harriexloutlet.nl\/#primaryimage\"},\"thumbnailUrl\":\"https:\/\/harriexloutlet.nl\/wp-content\/uploads\/2024\/02\/harrie-xl-outet-roermond-entree-impressie1.jpg\",\"datePublished\":\"2020-08-21T06:04:32+00:00\",\"dateModified\":\"2024-03-13T14:56:48+00:00\",\"breadcrumb\":{\"@id\":\"https:\/\/harriexloutlet.nl\/#breadcrumb\"},\"inLanguage\":\"de\",\"potentialAction\":[{\"@type\":\"ReadAction\",\"target\":[\"https:\/\/harriexloutlet.nl\/\"]}]},{\"@type\":\"ImageObject\",\"inLanguage\":\"de\",\"@id\":\"https:\/\/harriexloutlet.nl\/#primaryimage\",\"url\":\"https:\/\/harriexloutlet.nl\/wp-content\/uploads\/2024\/02\/harrie-xl-outet-roermond-entree-impressie1.jpg\",\"contentUrl\":\"https:\/\/harriexloutlet.nl\/wp-content\/uploads\/2024\/02\/harrie-xl-outet-roermond-entree-impressie1.jpg\"},{\"@type\":\"BreadcrumbList\",\"@id\":\"https:\/\/harriexloutlet.nl\/#breadcrumb\",\"itemListElement\":[{\"@type\":\"ListItem\",\"position\":1,\"name\":\"Home\",\"item\":\"https:\/\/harriexloutlet.nl\/\"},{\"@type\":\"ListItem\",\"position\":2,\"name\":\"Alles voor een gezellig thuis\"}]},{\"@type\":\"WebSite\",\"@id\":\"https:\/\/harriexloutlet.nl\/#website\",\"url\":\"https:\/\/harriexloutlet.nl\/\",\"name\":\"Harrie XL outlet Roermond\",\"description\":\"Alles voor een gezellig thuis\",\"publisher\":{\"@id\":\"https:\/\/harriexloutlet.nl\/#organization\"},\"potentialAction\":[{\"@type\":\"SearchAction\",\"target\":{\"@type\":\"EntryPoint\",\"urlTemplate\":\"https:\/\/harriexloutlet.nl\/?s={search_term_string}\"},\"query-input\":{\"@type\":\"PropertyValueSpecification\",\"valueRequired\":true,\"valueName\":\"search_term_string\"}}],\"inLanguage\":\"de\"},{\"@type\":\"Organization\",\"@id\":\"https:\/\/harriexloutlet.nl\/#organization\",\"name\":\"Harrie XL outlet Roermond\",\"url\":\"https:\/\/harriexloutlet.nl\/\",\"logo\":{\"@type\":\"ImageObject\",\"inLanguage\":\"de\",\"@id\":\"https:\/\/harriexloutlet.nl\/#\/schema\/logo\/image\/\",\"url\":\"https:\/\/harriexloutlet.nl\/wp-content\/uploads\/2024\/01\/Harrie-XL-Outlet-logo.png\",\"contentUrl\":\"https:\/\/harriexloutlet.nl\/wp-content\/uploads\/2024\/01\/Harrie-XL-Outlet-logo.png\",\"width\":288,\"height\":141,\"caption\":\"Harrie XL outlet Roermond\"},\"image\":{\"@id\":\"https:\/\/harriexloutlet.nl\/#\/schema\/logo\/image\/\"},\"sameAs\":[\"https:\/\/www.facebook.com\/woonoutletharriexlroermond\/\",\"https:\/\/www.instagram.com\/meubeloutlet_harrie_xl\/?hl=nl\"]}]}<\/script>\n<!-- \/ Yoast SEO plugin. -->","yoast_head_json":{"title":"Alles f\u00fcr ein gem\u00fctliches Zuhause - Harrie XL outlet Roermond","robots":{"index":"index","follow":"follow","max-snippet":"max-snippet:-1","max-image-preview":"max-image-preview:large","max-video-preview":"max-video-preview:-1"},"canonical":"https:\/\/harriexloutlet.nl\/de\/","og_locale":"de_DE","og_type":"article","og_title":"Alles voor een gezellig thuis - Harrie XL outlet Roermond","og_description":"Trendy, modern, landelijk of de industri\u00eble stijl, wij hebben alles onder \u00e9\u00e9n dak Je bent van harte welkom in onze meubelwinkel Roermond","og_url":"https:\/\/harriexloutlet.nl\/de\/","og_site_name":"Harrie XL outlet Roermond","article_publisher":"https:\/\/www.facebook.com\/woonoutletharriexlroermond\/","article_modified_time":"2024-03-13T14:56:48+00:00","og_image":[{"url":"https:\/\/harriexloutlet.nl\/wp-content\/uploads\/2024\/02\/harrie-xl-outet-roermond-entree-impressie1.jpg","type":"","width":"","height":""}],"twitter_card":"summary_large_image","schema":{"@context":"https:\/\/schema.org","@graph":[{"@type":"WebPage","@id":"https:\/\/harriexloutlet.nl\/","url":"https:\/\/harriexloutlet.nl\/","name":"Alles f\u00fcr ein gem\u00fctliches Zuhause - Harrie XL outlet Roermond","isPartOf":{"@id":"https:\/\/harriexloutlet.nl\/#website"},"primaryImageOfPage":{"@id":"https:\/\/harriexloutlet.nl\/#primaryimage"},"image":{"@id":"https:\/\/harriexloutlet.nl\/#primaryimage"},"thumbnailUrl":"https:\/\/harriexloutlet.nl\/wp-content\/uploads\/2024\/02\/harrie-xl-outet-roermond-entree-impressie1.jpg","datePublished":"2020-08-21T06:04:32+00:00","dateModified":"2024-03-13T14:56:48+00:00","breadcrumb":{"@id":"https:\/\/harriexloutlet.nl\/#breadcrumb"},"inLanguage":"de","potentialAction":[{"@type":"ReadAction","target":["https:\/\/harriexloutlet.nl\/"]}]},{"@type":"ImageObject","inLanguage":"de","@id":"https:\/\/harriexloutlet.nl\/#primaryimage","url":"https:\/\/harriexloutlet.nl\/wp-content\/uploads\/2024\/02\/harrie-xl-outet-roermond-entree-impressie1.jpg","contentUrl":"https:\/\/harriexloutlet.nl\/wp-content\/uploads\/2024\/02\/harrie-xl-outet-roermond-entree-impressie1.jpg"},{"@type":"BreadcrumbList","@id":"https:\/\/harriexloutlet.nl\/#breadcrumb","itemListElement":[{"@type":"ListItem","position":1,"name":"Home","item":"https:\/\/harriexloutlet.nl\/"},{"@type":"ListItem","position":2,"name":"Alles voor een gezellig thuis"}]},{"@type":"WebSite","@id":"https:\/\/harriexloutlet.nl\/#website","url":"https:\/\/harriexloutlet.nl\/","name":"Harrie XL Steckdose Roermond","description":"Alles f\u00fcr ein gem\u00fctliches Zuhause","publisher":{"@id":"https:\/\/harriexloutlet.nl\/#organization"},"potentialAction":[{"@type":"SearchAction","target":{"@type":"EntryPoint","urlTemplate":"https:\/\/harriexloutlet.nl\/?s={search_term_string}"},"query-input":{"@type":"PropertyValueSpecification","valueRequired":true,"valueName":"search_term_string"}}],"inLanguage":"de"},{"@type":"Organization","@id":"https:\/\/harriexloutlet.nl\/#organization","name":"Harrie XL Steckdose Roermond","url":"https:\/\/harriexloutlet.nl\/","logo":{"@type":"ImageObject","inLanguage":"de","@id":"https:\/\/harriexloutlet.nl\/#\/schema\/logo\/image\/","url":"https:\/\/harriexloutlet.nl\/wp-content\/uploads\/2024\/01\/Harrie-XL-Outlet-logo.png","contentUrl":"https:\/\/harriexloutlet.nl\/wp-content\/uploads\/2024\/01\/Harrie-XL-Outlet-logo.png","width":288,"height":141,"caption":"Harrie XL outlet Roermond"},"image":{"@id":"https:\/\/harriexloutlet.nl\/#\/schema\/logo\/image\/"},"sameAs":["https:\/\/www.facebook.com\/woonoutletharriexlroermond\/","https:\/\/www.instagram.com\/meubeloutlet_harrie_xl\/?hl=nl"]}]}},"uagb_featured_image_src":{"full":false,"thumbnail":false,"medium":false,"medium_large":false,"large":false,"1536x1536":false,"2048x2048":false,"trp-custom-language-flag":false},"uagb_author_info":{"display_name":"TrienekensOnline","author_link":"https:\/\/harriexloutlet.nl\/de\/author\/trienekensonline\/"},"uagb_comment_info":0,"uagb_excerpt":"Trendy, modern, landelijk of de industri\u00eble stijl, wij hebben alles onder \u00e9\u00e9n dak Je bent van harte welkom in onze meubelwinkel Roermond","_links":{"self":[{"href":"https:\/\/harriexloutlet.nl\/de\/wp-json\/wp\/v2\/pages\/688","targetHints":{"allow":["GET"]}}],"collection":[{"href":"https:\/\/harriexloutlet.nl\/de\/wp-json\/wp\/v2\/pages"}],"about":[{"href":"https:\/\/harriexloutlet.nl\/de\/wp-json\/wp\/v2\/types\/page"}],"author":[{"embeddable":true,"href":"https:\/\/harriexloutlet.nl\/de\/wp-json\/wp\/v2\/users\/1"}],"replies":[{"embeddable":true,"href":"https:\/\/harriexloutlet.nl\/de\/wp-json\/wp\/v2\/comments?post=688"}],"version-history":[{"count":52,"href":"https:\/\/harriexloutlet.nl\/de\/wp-json\/wp\/v2\/pages\/688\/revisions"}],"predecessor-version":[{"id":1934,"href":"https:\/\/harriexloutlet.nl\/de\/wp-json\/wp\/v2\/pages\/688\/revisions\/1934"}],"wp:attachment":[{"href":"https:\/\/harriexloutlet.nl\/de\/wp-json\/wp\/v2\/media?parent=688"}],"curies":[{"name":"wp","href":"https:\/\/api.w.org\/{rel}","templated":true}]}}