{"id":1929,"date":"2024-03-13T14:46:09","date_gmt":"2024-03-13T14:46:09","guid":{"rendered":"https:\/\/harriexloutlet.nl\/?page_id=1929"},"modified":"2024-03-19T10:12:05","modified_gmt":"2024-03-19T10:12:05","slug":"privacyverklaring","status":"publish","type":"page","link":"https:\/\/harriexloutlet.nl\/de\/privacyverklaring\/","title":{"rendered":"Haftungsausschluss &amp; Datenschutzerkl\u00e4rung"},"content":{"rendered":"<div class=\"wp-block-uagb-advanced-heading uagb-block-d52b41d2\"><h3 class=\"uagb-heading-text\">Haftungsausschluss<\/h3><\/div>\n\n\n\n<p>Aus den auf der Website bereitgestellten Informationen k\u00f6nnen keine Rechte abgeleitet werden. Harrie XL B.V. haftet in keiner Weise f\u00fcr direkte oder indirekte Sch\u00e4den, die sich aus der Nutzung der Website oder der \u00fcber die Website zur Verf\u00fcgung gestellten Informationen ergeben. Als Nutzer unserer Informationen tragen Sie die alleinige Verantwortung f\u00fcr Ihre Wahl und Nutzung unserer Informationen.<\/p>\n\n\n\n<div class=\"wp-block-uagb-advanced-heading uagb-block-a1fcd0d9\"><h3 class=\"uagb-heading-text\">Datenschutzbestimmungen Harrie XL B.V.<\/h3><\/div>\n\n\n\n<p>Version 1.0 Diese Seite wurde zuletzt am 10-3-2024 ge\u00e4ndert.<\/p>\n\n\n\n<p>Wir sind uns bewusst, dass Sie uns Ihr Vertrauen schenken. Wir sehen es daher als unsere Verantwortung an, Ihre Privatsph\u00e4re zu sch\u00fctzen. Auf dieser Seite erfahren Sie, welche Daten wir sammeln, wenn Sie unsere Website nutzen, warum wir diese Daten sammeln und wie wir sie verwenden, um Ihr Nutzererlebnis zu verbessern. Auf diese Weise werden Sie genau verstehen, wie wir arbeiten. Diese Datenschutzpolitik gilt f\u00fcr die Dienstleistungen von Harrie XL B.V.. Sie sollten sich dar\u00fcber im Klaren sein, dass Harrie XL B.V. nicht f\u00fcr die Datenschutzpolitik anderer Websites und Quellen verantwortlich ist. Durch die Nutzung dieser Website erkl\u00e4ren Sie Ihr Einverst\u00e4ndnis mit der Datenschutzpolitik. Harrie XL B.V. respektiert die Privatsph\u00e4re aller Nutzer seiner Website und sorgt daf\u00fcr, dass die von Ihnen zur Verf\u00fcgung gestellten pers\u00f6nlichen Daten vertraulich behandelt werden.<\/p>\n\n\n\n<div class=\"wp-block-uagb-advanced-heading uagb-block-0966af83\"><h4 class=\"uagb-heading-text\">Unsere Verwendung der gesammelten Daten<\/h4><\/div>\n\n\n\n<div class=\"wp-block-uagb-advanced-heading uagb-block-a658ec4e\"><h5 class=\"uagb-heading-text\">Inanspruchnahme unserer Dienstleistungen<\/h5><\/div>\n\n\n\n<p>Wenn Sie sich f\u00fcr einen unserer Dienste anmelden, bitten wir Sie um die Angabe pers\u00f6nlicher Daten. Diese Daten werden f\u00fcr die Erbringung der Dienstleistung verwendet. Die Daten werden auf den eigenen sicheren Servern von Harrie XL B.V. oder auf denen eines Dritten gespeichert. Wir werden diese Daten nicht mit anderen pers\u00f6nlichen Daten in unserem Besitz kombinieren.<\/p>\n\n\n\n<div class=\"wp-block-uagb-advanced-heading uagb-block-b0ea8bb3\"><h5 class=\"uagb-heading-text\">Kommunikation<\/h5><\/div>\n\n\n\n<p>Wenn Sie uns E-Mails oder andere Nachrichten schicken, k\u00f6nnen wir diese Nachrichten speichern. Manchmal werden wir Sie um Ihre pers\u00f6nlichen Daten bitten, die f\u00fcr die jeweilige Situation relevant sind. Dies erm\u00f6glicht uns, Ihre Fragen zu bearbeiten und Ihre Anfragen zu beantworten. Die Daten werden auf den eigenen sicheren Servern von Harrie XL B.V. oder auf denen eines Dritten gespeichert. Wir werden diese Daten nicht mit anderen personenbezogenen Daten in unserem Besitz kombinieren.<\/p>\n\n\n\n<div class=\"wp-block-uagb-advanced-heading uagb-block-1cf578ae\"><h5 class=\"uagb-heading-text\">Keks<\/h5><\/div>\n\n\n\n<p>Wir sammeln Daten zu Forschungszwecken, um unsere Kunden besser zu verstehen, damit wir unsere Dienstleistungen entsprechend anpassen k\u00f6nnen. Diese Website verwendet \"Cookies\" (Textdateien, die auf Ihrem Computer gespeichert werden), damit die Website analysieren kann, wie die Benutzer die Website nutzen. Die von dem Cookie erzeugten Informationen \u00fcber Ihre Nutzung der Website k\u00f6nnen an die eigenen sicheren Server von Harrie XL B.V. oder an die eines Dritten \u00fcbertragen werden. Wir verwenden diese Informationen, um zu verfolgen, wie Sie die Website nutzen, um Berichte \u00fcber die Website-Aktivit\u00e4ten zu erstellen und um andere Dienstleistungen im Zusammenhang mit der Website-Aktivit\u00e4t und der Internetnutzung anzubieten.<\/p>\n\n\n\n<div class=\"wp-block-uagb-advanced-heading uagb-block-60c024de\"><h5 class=\"uagb-heading-text\">Cookies deaktivieren<\/h5><\/div>\n\n\n\n<p>Die meisten Browser sind so eingestellt, dass sie Cookies standardm\u00e4\u00dfig akzeptieren, aber Sie k\u00f6nnen Ihren Browser so einstellen, dass er alle Cookies ablehnt oder anzeigt, wenn ein Cookie gesendet wird. Allerdings k\u00f6nnen einige Funktionen und Dienste auf unserer und anderen Websites nicht richtig funktionieren, wenn Cookies in Ihrem Browser deaktiviert sind.<\/p>\n\n\n\n<div class=\"wp-block-uagb-advanced-heading uagb-block-e9451397\"><h5 class=\"uagb-heading-text\">Verwendungszwecke<\/h5><\/div>\n\n\n\n<p>Wir sammeln oder verwenden keine Informationen f\u00fcr andere als die in dieser Datenschutzrichtlinie beschriebenen Zwecke, es sei denn, wir haben Ihre vorherige Zustimmung eingeholt.<\/p>\n\n\n\n<div class=\"wp-block-uagb-advanced-heading uagb-block-da623eb4\"><h5 class=\"uagb-heading-text\">Dritte Parteien<\/h5><\/div>\n\n\n\n<p>Die Informationen werden nicht an Dritte weitergegeben, mit Ausnahme von Webanwendungen, die wir f\u00fcr den Zweck unseres Webshops nutzen. Diese Daten werden nur f\u00fcr den Zweck der jeweiligen Anwendung verwendet und nicht weitergegeben. Dar\u00fcber hinaus k\u00f6nnen die Informationen in einigen F\u00e4llen intern weitergegeben werden. Unsere Mitarbeiter sind verpflichtet, die Vertraulichkeit Ihrer Daten zu wahren.<\/p>\n\n\n\n<div class=\"wp-block-uagb-advanced-heading uagb-block-0b552ced\"><h5 class=\"uagb-heading-text\">\u00c4nderungen<\/h5><\/div>\n\n\n\n<p>Diese Datenschutzerkl\u00e4rung ist auf die Nutzung und die Funktionen dieser Website zugeschnitten. Jegliche Anpassungen und\/oder \u00c4nderungen an dieser Website k\u00f6nnen zu \u00c4nderungen an dieser Datenschutzerkl\u00e4rung f\u00fchren. Es ist daher ratsam, diese Datenschutzerkl\u00e4rung regelm\u00e4\u00dfig zu lesen. Wahlm\u00f6glichkeiten f\u00fcr pers\u00f6nliche Daten Wir bieten allen Besuchern die M\u00f6glichkeit, die uns zur Verf\u00fcgung gestellten pers\u00f6nlichen Daten einzusehen, zu \u00e4ndern oder zu l\u00f6schen.<\/p>\n\n\n\n<div class=\"wp-block-uagb-advanced-heading uagb-block-a0eb5892\"><h5 class=\"uagb-heading-text\">Service-Newsletter anpassen\/abbestellen<\/h5><\/div>\n\n\n\n<p>Am Ende jedes Mailings finden Sie die M\u00f6glichkeit, Ihre Angaben zu bearbeiten oder sich abzumelden.<\/p>\n\n\n\n<div class=\"wp-block-uagb-advanced-heading uagb-block-6bb04f31\"><h5 class=\"uagb-heading-text\">Dienstkommunikation anpassen\/abbestellen<\/h5><\/div>\n\n\n\n<p>Wenn Sie Ihre Daten \u00e4ndern oder aus unseren Dateien l\u00f6schen lassen m\u00f6chten, wenden Sie sich bitte an uns. Siehe Kontaktdaten unten.<\/p>\n\n\n\n<div class=\"wp-block-uagb-advanced-heading uagb-block-191552f7\"><h5 class=\"uagb-heading-text\">Fragen und Feedback<\/h5><\/div>\n\n\n\n<p>Wir \u00fcberpr\u00fcfen regelm\u00e4\u00dfig die Einhaltung dieser Datenschutzrichtlinie. Wenn Sie Fragen zu dieser Datenschutzrichtlinie haben, kontaktieren Sie uns bitte:<\/p>\n\n\n\n<p>Harrie XL B.V.<br>Sint Wirosingel 194<br>6042 KZ Roermond<\/p>\n\n\n\n<p>Rufnummer: <a href=\"tel:0475-476433\">0475 \u2013 476 433<\/a> verf\u00fcgbar w\u00e4hrend der \u00d6ffnungszeiten<br>E-Mail Adresse: <a href=\"mailto:info@harriexloutlet.nl\">info@harriexloutlet.nl<\/a><\/p>\n\n\n\n<p>Nummer der Handelskammer: 17208098<br>Btw-identificatienummer: NL818149371B01<\/p>","protected":false},"excerpt":{"rendered":"<p>Disclaimer Aan de op de website verstrekte informatie kunnen geen rechten worden ontleend. Harrie XL B.V. aanvaardt geen enkele aansprakelijkheid voor directe of indirecte schade die ontstaat uit het gebruik van de website of van de via de website ter beschikking gestelde informatie. Als afnemer van onze informatie bent u zelf verantwoordelijk voor uw keuze [&hellip;]<\/p>\n","protected":false},"author":1,"featured_media":0,"parent":0,"menu_order":0,"comment_status":"closed","ping_status":"closed","template":"","meta":{"_uag_custom_page_level_css":"","site-sidebar-layout":"default","site-content-layout":"","ast-site-content-layout":"default","site-content-style":"default","site-sidebar-style":"default","ast-global-header-display":"","ast-banner-title-visibility":"","ast-main-header-display":"","ast-hfb-above-header-display":"","ast-hfb-below-header-display":"","ast-hfb-mobile-header-display":"","site-post-title":"","ast-breadcrumbs-content":"","ast-featured-img":"","footer-sml-layout":"","ast-disable-related-posts":"","theme-transparent-header-meta":"","adv-header-id-meta":"","stick-header-meta":"","header-above-stick-meta":"","header-main-stick-meta":"","header-below-stick-meta":"","astra-migrate-meta-layouts":"set","ast-page-background-enabled":"default","ast-page-background-meta":{"desktop":{"background-color":"","background-image":"","background-repeat":"repeat","background-position":"center center","background-size":"auto","background-attachment":"scroll","background-type":"","background-media":"","overlay-type":"","overlay-color":"","overlay-opacity":"","overlay-gradient":""},"tablet":{"background-color":"","background-image":"","background-repeat":"repeat","background-position":"center center","background-size":"auto","background-attachment":"scroll","background-type":"","background-media":"","overlay-type":"","overlay-color":"","overlay-opacity":"","overlay-gradient":""},"mobile":{"background-color":"","background-image":"","background-repeat":"repeat","background-position":"center center","background-size":"auto","background-attachment":"scroll","background-type":"","background-media":"","overlay-type":"","overlay-color":"","overlay-opacity":"","overlay-gradient":""}},"ast-content-background-meta":{"desktop":{"background-color":"var(--ast-global-color-5)","background-image":"","background-repeat":"repeat","background-position":"center center","background-size":"auto","background-attachment":"scroll","background-type":"","background-media":"","overlay-type":"","overlay-color":"","overlay-opacity":"","overlay-gradient":""},"tablet":{"background-color":"var(--ast-global-color-5)","background-image":"","background-repeat":"repeat","background-position":"center center","background-size":"auto","background-attachment":"scroll","background-type":"","background-media":"","overlay-type":"","overlay-color":"","overlay-opacity":"","overlay-gradient":""},"mobile":{"background-color":"var(--ast-global-color-5)","background-image":"","background-repeat":"repeat","background-position":"center center","background-size":"auto","background-attachment":"scroll","background-type":"","background-media":"","overlay-type":"","overlay-color":"","overlay-opacity":"","overlay-gradient":""}},"footnotes":""},"class_list":["post-1929","page","type-page","status-publish","hentry"],"yoast_head":"<!-- This site is optimized with the Yoast SEO plugin v27.2 - https:\/\/yoast.com\/product\/yoast-seo-wordpress\/ -->\n<title>Disclaimer &amp; Privacy verklaring - Harrie XL outlet Roermond<\/title>\n<meta name=\"robots\" content=\"index, follow, max-snippet:-1, max-image-preview:large, max-video-preview:-1\" \/>\n<link rel=\"canonical\" href=\"https:\/\/harriexloutlet.nl\/de\/privacyverklaring\/\" \/>\n<meta property=\"og:locale\" content=\"de_DE\" \/>\n<meta property=\"og:type\" content=\"article\" \/>\n<meta property=\"og:title\" content=\"Disclaimer &amp; Privacy verklaring - Harrie XL outlet Roermond\" \/>\n<meta property=\"og:description\" content=\"Disclaimer Aan de op de website verstrekte informatie kunnen geen rechten worden ontleend. Harrie XL B.V. aanvaardt geen enkele aansprakelijkheid voor directe of indirecte schade die ontstaat uit het gebruik van de website of van de via de website ter beschikking gestelde informatie. Als afnemer van onze informatie bent u zelf verantwoordelijk voor uw keuze [&hellip;]\" \/>\n<meta property=\"og:url\" content=\"https:\/\/harriexloutlet.nl\/de\/privacyverklaring\/\" \/>\n<meta property=\"og:site_name\" content=\"Harrie XL outlet Roermond\" \/>\n<meta property=\"article:publisher\" content=\"https:\/\/www.facebook.com\/woonoutletharriexlroermond\/\" \/>\n<meta property=\"article:modified_time\" content=\"2024-03-19T10:12:05+00:00\" \/>\n<meta name=\"twitter:card\" content=\"summary_large_image\" \/>\n<meta name=\"twitter:label1\" content=\"Gesch\u00e4tzte Lesezeit\" \/>\n\t<meta name=\"twitter:data1\" content=\"4\u00a0Minuten\" \/>\n<script type=\"application\/ld+json\" class=\"yoast-schema-graph\">{\"@context\":\"https:\/\/schema.org\",\"@graph\":[{\"@type\":\"WebPage\",\"@id\":\"https:\/\/harriexloutlet.nl\/privacyverklaring\/\",\"url\":\"https:\/\/harriexloutlet.nl\/privacyverklaring\/\",\"name\":\"Disclaimer & Privacy verklaring - Harrie XL outlet Roermond\",\"isPartOf\":{\"@id\":\"https:\/\/harriexloutlet.nl\/#website\"},\"datePublished\":\"2024-03-13T14:46:09+00:00\",\"dateModified\":\"2024-03-19T10:12:05+00:00\",\"breadcrumb\":{\"@id\":\"https:\/\/harriexloutlet.nl\/privacyverklaring\/#breadcrumb\"},\"inLanguage\":\"de\",\"potentialAction\":[{\"@type\":\"ReadAction\",\"target\":[\"https:\/\/harriexloutlet.nl\/privacyverklaring\/\"]}]},{\"@type\":\"BreadcrumbList\",\"@id\":\"https:\/\/harriexloutlet.nl\/privacyverklaring\/#breadcrumb\",\"itemListElement\":[{\"@type\":\"ListItem\",\"position\":1,\"name\":\"Home\",\"item\":\"https:\/\/harriexloutlet.nl\/\"},{\"@type\":\"ListItem\",\"position\":2,\"name\":\"Disclaimer &#038; Privacy verklaring\"}]},{\"@type\":\"WebSite\",\"@id\":\"https:\/\/harriexloutlet.nl\/#website\",\"url\":\"https:\/\/harriexloutlet.nl\/\",\"name\":\"Harrie XL outlet Roermond\",\"description\":\"Alles voor een gezellig thuis\",\"publisher\":{\"@id\":\"https:\/\/harriexloutlet.nl\/#organization\"},\"potentialAction\":[{\"@type\":\"SearchAction\",\"target\":{\"@type\":\"EntryPoint\",\"urlTemplate\":\"https:\/\/harriexloutlet.nl\/?s={search_term_string}\"},\"query-input\":{\"@type\":\"PropertyValueSpecification\",\"valueRequired\":true,\"valueName\":\"search_term_string\"}}],\"inLanguage\":\"de\"},{\"@type\":\"Organization\",\"@id\":\"https:\/\/harriexloutlet.nl\/#organization\",\"name\":\"Harrie XL outlet Roermond\",\"url\":\"https:\/\/harriexloutlet.nl\/\",\"logo\":{\"@type\":\"ImageObject\",\"inLanguage\":\"de\",\"@id\":\"https:\/\/harriexloutlet.nl\/#\/schema\/logo\/image\/\",\"url\":\"https:\/\/harriexloutlet.nl\/wp-content\/uploads\/2024\/01\/Harrie-XL-Outlet-logo.png\",\"contentUrl\":\"https:\/\/harriexloutlet.nl\/wp-content\/uploads\/2024\/01\/Harrie-XL-Outlet-logo.png\",\"width\":288,\"height\":141,\"caption\":\"Harrie XL outlet Roermond\"},\"image\":{\"@id\":\"https:\/\/harriexloutlet.nl\/#\/schema\/logo\/image\/\"},\"sameAs\":[\"https:\/\/www.facebook.com\/woonoutletharriexlroermond\/\",\"https:\/\/www.instagram.com\/meubeloutlet_harrie_xl\/?hl=nl\"]}]}<\/script>\n<!-- \/ Yoast SEO plugin. -->","yoast_head_json":{"title":"Disclaimer & Privacy verklaring - Harrie XL outlet Roermond","robots":{"index":"index","follow":"follow","max-snippet":"max-snippet:-1","max-image-preview":"max-image-preview:large","max-video-preview":"max-video-preview:-1"},"canonical":"https:\/\/harriexloutlet.nl\/de\/privacyverklaring\/","og_locale":"de_DE","og_type":"article","og_title":"Disclaimer & Privacy verklaring - Harrie XL outlet Roermond","og_description":"Disclaimer Aan de op de website verstrekte informatie kunnen geen rechten worden ontleend. Harrie XL B.V. aanvaardt geen enkele aansprakelijkheid voor directe of indirecte schade die ontstaat uit het gebruik van de website of van de via de website ter beschikking gestelde informatie. Als afnemer van onze informatie bent u zelf verantwoordelijk voor uw keuze [&hellip;]","og_url":"https:\/\/harriexloutlet.nl\/de\/privacyverklaring\/","og_site_name":"Harrie XL outlet Roermond","article_publisher":"https:\/\/www.facebook.com\/woonoutletharriexlroermond\/","article_modified_time":"2024-03-19T10:12:05+00:00","twitter_card":"summary_large_image","twitter_misc":{"Gesch\u00e4tzte Lesezeit":"4\u00a0Minuten"},"schema":{"@context":"https:\/\/schema.org","@graph":[{"@type":"WebPage","@id":"https:\/\/harriexloutlet.nl\/privacyverklaring\/","url":"https:\/\/harriexloutlet.nl\/privacyverklaring\/","name":"Disclaimer & Privacy verklaring - Harrie XL outlet Roermond","isPartOf":{"@id":"https:\/\/harriexloutlet.nl\/#website"},"datePublished":"2024-03-13T14:46:09+00:00","dateModified":"2024-03-19T10:12:05+00:00","breadcrumb":{"@id":"https:\/\/harriexloutlet.nl\/privacyverklaring\/#breadcrumb"},"inLanguage":"de","potentialAction":[{"@type":"ReadAction","target":["https:\/\/harriexloutlet.nl\/privacyverklaring\/"]}]},{"@type":"BreadcrumbList","@id":"https:\/\/harriexloutlet.nl\/privacyverklaring\/#breadcrumb","itemListElement":[{"@type":"ListItem","position":1,"name":"Home","item":"https:\/\/harriexloutlet.nl\/"},{"@type":"ListItem","position":2,"name":"Disclaimer &#038; Privacy verklaring"}]},{"@type":"WebSite","@id":"https:\/\/harriexloutlet.nl\/#website","url":"https:\/\/harriexloutlet.nl\/","name":"Harrie XL Steckdose Roermond","description":"Alles f\u00fcr ein gem\u00fctliches Zuhause","publisher":{"@id":"https:\/\/harriexloutlet.nl\/#organization"},"potentialAction":[{"@type":"SearchAction","target":{"@type":"EntryPoint","urlTemplate":"https:\/\/harriexloutlet.nl\/?s={search_term_string}"},"query-input":{"@type":"PropertyValueSpecification","valueRequired":true,"valueName":"search_term_string"}}],"inLanguage":"de"},{"@type":"Organization","@id":"https:\/\/harriexloutlet.nl\/#organization","name":"Harrie XL Steckdose Roermond","url":"https:\/\/harriexloutlet.nl\/","logo":{"@type":"ImageObject","inLanguage":"de","@id":"https:\/\/harriexloutlet.nl\/#\/schema\/logo\/image\/","url":"https:\/\/harriexloutlet.nl\/wp-content\/uploads\/2024\/01\/Harrie-XL-Outlet-logo.png","contentUrl":"https:\/\/harriexloutlet.nl\/wp-content\/uploads\/2024\/01\/Harrie-XL-Outlet-logo.png","width":288,"height":141,"caption":"Harrie XL outlet Roermond"},"image":{"@id":"https:\/\/harriexloutlet.nl\/#\/schema\/logo\/image\/"},"sameAs":["https:\/\/www.facebook.com\/woonoutletharriexlroermond\/","https:\/\/www.instagram.com\/meubeloutlet_harrie_xl\/?hl=nl"]}]}},"uagb_featured_image_src":{"full":false,"thumbnail":false,"medium":false,"medium_large":false,"large":false,"1536x1536":false,"2048x2048":false,"trp-custom-language-flag":false},"uagb_author_info":{"display_name":"TrienekensOnline","author_link":"https:\/\/harriexloutlet.nl\/de\/author\/trienekensonline\/"},"uagb_comment_info":0,"uagb_excerpt":"Disclaimer Aan de op de website verstrekte informatie kunnen geen rechten worden ontleend. Harrie XL B.V. aanvaardt geen enkele aansprakelijkheid voor directe of indirecte schade die ontstaat uit het gebruik van de website of van de via de website ter beschikking gestelde informatie. Als afnemer van onze informatie bent u zelf verantwoordelijk voor uw keuze&hellip;","_links":{"self":[{"href":"https:\/\/harriexloutlet.nl\/de\/wp-json\/wp\/v2\/pages\/1929","targetHints":{"allow":["GET"]}}],"collection":[{"href":"https:\/\/harriexloutlet.nl\/de\/wp-json\/wp\/v2\/pages"}],"about":[{"href":"https:\/\/harriexloutlet.nl\/de\/wp-json\/wp\/v2\/types\/page"}],"author":[{"embeddable":true,"href":"https:\/\/harriexloutlet.nl\/de\/wp-json\/wp\/v2\/users\/1"}],"replies":[{"embeddable":true,"href":"https:\/\/harriexloutlet.nl\/de\/wp-json\/wp\/v2\/comments?post=1929"}],"version-history":[{"count":5,"href":"https:\/\/harriexloutlet.nl\/de\/wp-json\/wp\/v2\/pages\/1929\/revisions"}],"predecessor-version":[{"id":1942,"href":"https:\/\/harriexloutlet.nl\/de\/wp-json\/wp\/v2\/pages\/1929\/revisions\/1942"}],"wp:attachment":[{"href":"https:\/\/harriexloutlet.nl\/de\/wp-json\/wp\/v2\/media?parent=1929"}],"curies":[{"name":"wp","href":"https:\/\/api.w.org\/{rel}","templated":true}]}}